{"id":189,"date":"2017-04-19T19:46:55","date_gmt":"2017-04-19T19:46:55","guid":{"rendered":"\/?page_id=189"},"modified":"2022-11-08T11:05:06","modified_gmt":"2022-11-08T16:05:06","slug":"pilotage","status":"publish","type":"page","link":"https:\/\/www.glpa-apgl.com\/fr\/pilotage\/","title":{"rendered":"Pilotage"},"content":{"rendered":"<p>Cette section est pr\u00e9sentement en d\u00e9veloppement et sera mise \u00e0 jour avec de nouvelles informations d\u00e8s que possible. Veuillez consulter notre\u00a0<a href=\"\/fr\/about\/contact\/\">page contact<\/a>\u00a0pour les renseignements des personnes responsables concernant le contenu de cette section.<\/p>","protected":false},"excerpt":{"rendered":"<p>This section is currently under construction and will be updated with new information as soon as possible. Please consult our\u00a0contact page\u00a0for contact information of the responsible individuals regarding the content in this section.<\/p>","protected":false},"author":1,"featured_media":0,"parent":0,"menu_order":0,"comment_status":"closed","ping_status":"closed","template":"","meta":{"_acf_changed":false,"_et_pb_use_builder":"","_et_pb_old_content":"","_et_gb_content_width":"","footnotes":""},"class_list":["post-189","page","type-page","status-publish","hentry"],"acf":[],"_links":{"self":[{"href":"https:\/\/www.glpa-apgl.com\/fr\/wp-json\/wp\/v2\/pages\/189","targetHints":{"allow":["GET"]}}],"collection":[{"href":"https:\/\/www.glpa-apgl.com\/fr\/wp-json\/wp\/v2\/pages"}],"about":[{"href":"https:\/\/www.glpa-apgl.com\/fr\/wp-json\/wp\/v2\/types\/page"}],"author":[{"embeddable":true,"href":"https:\/\/www.glpa-apgl.com\/fr\/wp-json\/wp\/v2\/users\/1"}],"replies":[{"embeddable":true,"href":"https:\/\/www.glpa-apgl.com\/fr\/wp-json\/wp\/v2\/comments?post=189"}],"version-history":[{"count":4,"href":"https:\/\/www.glpa-apgl.com\/fr\/wp-json\/wp\/v2\/pages\/189\/revisions"}],"predecessor-version":[{"id":3041,"href":"https:\/\/www.glpa-apgl.com\/fr\/wp-json\/wp\/v2\/pages\/189\/revisions\/3041"}],"wp:attachment":[{"href":"https:\/\/www.glpa-apgl.com\/fr\/wp-json\/wp\/v2\/media?parent=189"}],"curies":[{"name":"wp","href":"https:\/\/api.w.org\/{rel}","templated":true}]}}