{"id":2196,"date":"2016-09-28T19:46:43","date_gmt":"2016-09-28T19:46:43","guid":{"rendered":"\/?page_id=35"},"modified":"2026-04-17T11:56:04","modified_gmt":"2026-04-17T15:56:04","slug":"policies","status":"publish","type":"page","link":"https:\/\/www.glpa-apgl.com\/fr\/about\/policies\/","title":{"rendered":"Nos politiques"},"content":{"rendered":"<h2 class=\"wp-block-heading\">Finance<\/h2>\n\n\n\n<figure class=\"wp-block-table is-style-stripes\"><table><thead><tr><th class=\"has-text-align-left\" data-align=\"left\">Document<\/th><th class=\"has-text-align-center\" data-align=\"center\">Format<\/th><th class=\"has-text-align-left\" data-align=\"left\">Taille<\/th><\/tr><\/thead><tbody><tr><td class=\"has-text-align-left\" data-align=\"left\"><a href=\"https:\/\/www.glpa-apgl.com\/wp-content\/uploads\/2025\/08\/POL-FI-001F-mai-2025.pdf\" target=\"_blank\" rel=\"noreferrer noopener\">Directive FI-001 Approvisionnement<\/a><\/td><td class=\"has-text-align-center\" data-align=\"center\">PDF <i class=\"fa fa-file-pdf-o\" aria-hidden=\"true\"><\/i><\/td><td class=\"has-text-align-left\" data-align=\"left\">9.5MB<\/td><\/tr><tr><td class=\"has-text-align-left\" data-align=\"left\"><a href=\"https:\/\/www.glpa-apgl.com\/wp-content\/uploads\/2022\/11\/Directive-FI-002-Code-d-ethique-pour-la-gestion-de-la-chaine-d-approvisionnement.pdf\">Directive FI-002 Code d\u2019\u00e9thique pour la gestion de la chaine d\u2019approvisionnement<\/a><\/td><td class=\"has-text-align-center\" data-align=\"center\">PDF <i class=\"fa fa-file-pdf-o\" aria-hidden=\"true\"><\/i><\/td><td class=\"has-text-align-left\" data-align=\"left\">676KB<\/td><\/tr><tr><td class=\"has-text-align-left\" data-align=\"left\"><a href=\"https:\/\/www.glpa-apgl.com\/wp-content\/uploads\/2022\/11\/Directive-FI-003-Depenses-de-voyages-et-daccueil.pdf\" target=\"_blank\" rel=\"noreferrer noopener\">Directive FI-003 D\u00e9penses de voyages et d\u2019accueil<\/a><\/td><td class=\"has-text-align-center\" data-align=\"center\">PDF <i class=\"fa fa-file-pdf-o\" aria-hidden=\"true\"><\/i><\/td><td class=\"has-text-align-left\" data-align=\"left\">9.4MB<\/td><\/tr><tr><td class=\"has-text-align-left\" data-align=\"left\"><a href=\"https:\/\/www.glpa-apgl.com\/wp-content\/uploads\/2022\/11\/directive-fi-004-creances-et-recouvrements.pdf\" target=\"_blank\" rel=\"noreferrer noopener\">Directive FI-004 Cr\u00e9ances et recouvrements<\/a><\/td><td class=\"has-text-align-center\" data-align=\"center\">PDF <i class=\"fa fa-file-pdf-o\" aria-hidden=\"true\"><\/i><\/td><td class=\"has-text-align-left\" data-align=\"left\">1.9MB<\/td><\/tr><\/tbody><\/table><\/figure>\n\n\n\n<h2 class=\"wp-block-heading\">Ressources humaines<\/h2>\n\n\n\n<figure class=\"wp-block-table is-style-stripes\"><table><thead><tr><th class=\"has-text-align-left\" data-align=\"left\">Document<\/th><th class=\"has-text-align-center\" data-align=\"center\">Format<\/th><th class=\"has-text-align-left\" data-align=\"left\">Taille<\/th><\/tr><\/thead><tbody><tr><td class=\"has-text-align-left\" data-align=\"left\"><a href=\"https:\/\/www.glpa-apgl.com\/wp-content\/uploads\/2022\/11\/Directive-RH-001-Code-de-conduite-relatif-a-l-ethique.pdf\" target=\"_blank\" rel=\"noreferrer noopener\">Directive RH-001 Code de conduite relatif \u00e0 l\u2019\u00e9thique<\/a><\/td><td class=\"has-text-align-center\" data-align=\"center\">PDF <i class=\"fa fa-file-pdf-o\" aria-hidden=\"true\"><\/i><\/td><td class=\"has-text-align-left\" data-align=\"left\">974KB<\/td><\/tr><tr><td class=\"has-text-align-left\" data-align=\"left\"><a href=\"https:\/\/www.glpa-apgl.com\/wp-content\/uploads\/2026\/04\/POL-HR-002F-Conflit-dinteret-et-Apres-mandat-April-17-2026.pdf\" target=\"_blank\" rel=\"noreferrer noopener\">Directive RH-002 Conflit d\u2019int\u00e9r\u00eats et apr\u00e8s-mandat<\/a><\/td><td class=\"has-text-align-center\" data-align=\"center\">PDF <i class=\"fa fa-file-pdf-o\" aria-hidden=\"true\"><\/i><\/td><td class=\"has-text-align-left\" data-align=\"left\">7.4MB<\/td><\/tr><tr><td class=\"has-text-align-left\" data-align=\"left\"><a href=\"https:\/\/www.glpa-apgl.com\/wp-content\/uploads\/2022\/12\/POL-HR-015F-Politique_et_procedure_de_traitement_des-plaintes.pdf\" data-type=\"URL\" data-id=\"https:\/\/www.glpa-apgl.com\/wp-content\/uploads\/2022\/12\/POL-HR-015E-Complaint_Policy_and_Procedure.pdf\" target=\"_blank\" rel=\"noreferrer noopener\">Politique HR-015F Politique et proc\u00e9dure de traitement des plaintes<\/a><\/td><td class=\"has-text-align-center\" data-align=\"center\">PDF <i class=\"fa fa-file-pdf-o\" aria-hidden=\"true\"><\/i> <\/td><td class=\"has-text-align-left\" data-align=\"left\">227KB<\/td><\/tr><tr><td class=\"has-text-align-left\" data-align=\"left\"><a href=\"https:\/\/www.glpa-apgl.com\/wp-content\/uploads\/2022\/12\/FORM-HR-003F-Plainte_deposee_par_un_client.pdf\" target=\"_blank\" rel=\"noreferrer noopener\">Formulaire HR-003F Plainte d\u00e9pos\u00e9e par un client<\/a><\/td><td class=\"has-text-align-center\" data-align=\"center\">PDF <i class=\"fa fa-file-pdf-o\" aria-hidden=\"true\"><\/i> <\/td><td class=\"has-text-align-left\" data-align=\"left\">117KB<\/td><\/tr><\/tbody><\/table><\/figure>\n\n\n\n<div style=\"height:30px\" aria-hidden=\"true\" class=\"wp-block-spacer\"><\/div>\n\n\n\n<p><strong>Note:<\/strong> Pour lire la version PDF, il vous faut avoir Adobe Acrobat Reader version 5.0 (ou sup\u00e9rieure) sur votre syst\u00e8me. Pour obtenir Acrobat Reader, allez \u00e0 : <a href=\"http:\/\/www.adobe.com\/products\/acrobat\/readermain.html\">http:\/\/www.adobe.com\/products\/acrobat\/readermain.html<\/a><\/p>\n\n\n\n<p>Si vous n\u2019avez pas acc\u00e8s au site de t\u00e9l\u00e9chargement d\u2019Adobe, vous pouvez t\u00e9l\u00e9charger le logiciel \u00e0 partir de la page suivante : <a href=\"http:\/\/www.adobe.com\/products\/acrobat\/alternate.html\">http:\/\/www.adobe.com\/products\/acrobat\/alternate.html<\/a><\/p>\n\n\n\n<p>Si vous choisissez de ne pas utiliser Acrobat Reader, vous pouvez convertir le dossier PDF \u00e0 du texte HTML ou ASCII en utilisant l\u2019un des services de conversion offerts par Adobe \u00e0 partir de la page suivante : <a href=\"http:\/\/access.adobe.com\/onlinetools.html\">http:\/\/access.adobe.com\/onlinetools.html<\/a><\/p>","protected":false},"excerpt":{"rendered":"<p>Finance Document Format Size Directive FI-001 Procurement PDF 9.5MB Directive FI-002 Supply Chain Code of Ethics PDF 676KB Directive FI-003 Travel and Hospitality Expenditures PDF 9.4MB Directive FI-004 Receivables and Collections PDF 1.9MB Human Resources Document Format Size Directive HR-001 Code of Conduct for Ethics PDF 974KB Directive HR-002 Conflict of Interest and Post-Employment PDF [&hellip;]<\/p>\n","protected":false},"author":1,"featured_media":0,"parent":2193,"menu_order":0,"comment_status":"closed","ping_status":"closed","template":"","meta":{"_acf_changed":false,"_et_pb_use_builder":"","_et_pb_old_content":"","_et_gb_content_width":"","footnotes":""},"class_list":["post-2196","page","type-page","status-publish","hentry"],"acf":[],"_links":{"self":[{"href":"https:\/\/www.glpa-apgl.com\/fr\/wp-json\/wp\/v2\/pages\/2196","targetHints":{"allow":["GET"]}}],"collection":[{"href":"https:\/\/www.glpa-apgl.com\/fr\/wp-json\/wp\/v2\/pages"}],"about":[{"href":"https:\/\/www.glpa-apgl.com\/fr\/wp-json\/wp\/v2\/types\/page"}],"author":[{"embeddable":true,"href":"https:\/\/www.glpa-apgl.com\/fr\/wp-json\/wp\/v2\/users\/1"}],"replies":[{"embeddable":true,"href":"https:\/\/www.glpa-apgl.com\/fr\/wp-json\/wp\/v2\/comments?post=2196"}],"version-history":[{"count":42,"href":"https:\/\/www.glpa-apgl.com\/fr\/wp-json\/wp\/v2\/pages\/2196\/revisions"}],"predecessor-version":[{"id":6031,"href":"https:\/\/www.glpa-apgl.com\/fr\/wp-json\/wp\/v2\/pages\/2196\/revisions\/6031"}],"up":[{"embeddable":true,"href":"https:\/\/www.glpa-apgl.com\/fr\/wp-json\/wp\/v2\/pages\/2193"}],"wp:attachment":[{"href":"https:\/\/www.glpa-apgl.com\/fr\/wp-json\/wp\/v2\/media?parent=2196"}],"curies":[{"name":"wp","href":"https:\/\/api.w.org\/{rel}","templated":true}]}}