{"id":2198,"date":"2016-12-20T20:29:10","date_gmt":"2016-12-20T20:29:10","guid":{"rendered":"\/?page_id=90"},"modified":"2022-11-08T12:12:34","modified_gmt":"2022-11-08T17:12:34","slug":"special-examination-reports","status":"publish","type":"page","link":"https:\/\/www.glpa-apgl.com\/fr\/reports-and-documents\/special-examination-reports\/","title":{"rendered":"Rapports d\u2019examen sp\u00e9cial"},"content":{"rendered":"<h4 class=\"wp-block-heading\">Les rapports d\u2019examen sp\u00e9cial du Bureau du v\u00e9rificateur g\u00e9n\u00e9ral du Canada<\/h4>\n\n\n\n<figure class=\"wp-block-table is-style-stripes\"><table><thead><tr><th class=\"has-text-align-left\" data-align=\"left\">Document<\/th><th class=\"has-text-align-left\" data-align=\"left\">Format<\/th><th class=\"has-text-align-left\" data-align=\"left\">Taille<\/th><\/tr><\/thead><tbody><tr><td class=\"has-text-align-left\" data-align=\"left\"><a href=\"https:\/\/www.glpa-apgl.com\/wp-content\/uploads\/2022\/10\/special-examination-report-2018-fr.pdf\">Rapport d\u2019examen sp\u00e9cial, janvier 2018<\/a><\/td><td class=\"has-text-align-left\" data-align=\"left\">PDF <i class=\"fa fa-file-pdf-o\"><\/i><\/td><td class=\"has-text-align-left\" data-align=\"left\">3.7MB<\/td><\/tr><tr><td class=\"has-text-align-left\" data-align=\"left\"><a href=\"https:\/\/www.glpa-apgl.com\/wp-content\/uploads\/2022\/10\/special-examination-report-2008-fr.pdf\">Rapport d\u2019examen sp\u00e9cial, avril 2008<\/a><\/td><td class=\"has-text-align-left\" data-align=\"left\">PDF <i class=\"fa fa-file-pdf-o\"><\/i><\/td><td class=\"has-text-align-left\" data-align=\"left\">373KB<\/td><\/tr><\/tbody><\/table><\/figure>\n\n\n\n<div style=\"height:30px\" aria-hidden=\"true\" class=\"wp-block-spacer\"><\/div>\n\n\n\n<p><strong>Note:<\/strong> Pour lire la version PDF, il vous faut avoir Adobe Acrobat Reader version 5.0 (ou sup\u00e9rieure) sur votre syst\u00e8me. Pour obtenir Acrobat Reader, allez \u00e0 : <a href=\"http:\/\/www.adobe.com\/products\/acrobat\/readermain.html\">http:\/\/www.adobe.com\/products\/acrobat\/readermain.html<\/a><\/p>\n\n\n\n<p>Si vous n\u2019avez pas acc\u00e8s au site de t\u00e9l\u00e9chargement d\u2019Adobe, vous pouvez t\u00e9l\u00e9charger le logiciel \u00e0 partir de la page suivante : <a href=\"http:\/\/www.adobe.com\/products\/acrobat\/alternate.html\">http:\/\/www.adobe.com\/products\/acrobat\/alternate.html<\/a><\/p>\n\n\n\n<p>Si vous choisissez de ne pas utiliser Acrobat Reader, vous pouvez convertir le dossier PDF \u00e0 du texte HTML ou ASCII en utilisant l\u2019un des services de conversion offerts par Adobe \u00e0 partir de la page suivante : <a href=\"http:\/\/access.adobe.com\/onlinetools.html\">http:\/\/access.adobe.com\/onlinetools.html<\/a><\/p>","protected":false},"excerpt":{"rendered":"<p>The Office of the Auditor General of Canada\u2019s Special Examination Reports Document Format Size Special Examination Report, January 2018 PDF 3.7MB Special Examination Report, April 2008 PDF 373KB<\/p>","protected":false},"author":1,"featured_media":2467,"parent":17,"menu_order":2,"comment_status":"closed","ping_status":"closed","template":"","meta":{"_acf_changed":false,"_et_pb_use_builder":"","_et_pb_old_content":"","_et_gb_content_width":"","footnotes":""},"class_list":["post-2198","page","type-page","status-publish","has-post-thumbnail","hentry"],"acf":[],"_links":{"self":[{"href":"https:\/\/www.glpa-apgl.com\/fr\/wp-json\/wp\/v2\/pages\/2198","targetHints":{"allow":["GET"]}}],"collection":[{"href":"https:\/\/www.glpa-apgl.com\/fr\/wp-json\/wp\/v2\/pages"}],"about":[{"href":"https:\/\/www.glpa-apgl.com\/fr\/wp-json\/wp\/v2\/types\/page"}],"author":[{"embeddable":true,"href":"https:\/\/www.glpa-apgl.com\/fr\/wp-json\/wp\/v2\/users\/1"}],"replies":[{"embeddable":true,"href":"https:\/\/www.glpa-apgl.com\/fr\/wp-json\/wp\/v2\/comments?post=2198"}],"version-history":[{"count":3,"href":"https:\/\/www.glpa-apgl.com\/fr\/wp-json\/wp\/v2\/pages\/2198\/revisions"}],"predecessor-version":[{"id":2899,"href":"https:\/\/www.glpa-apgl.com\/fr\/wp-json\/wp\/v2\/pages\/2198\/revisions\/2899"}],"up":[{"embeddable":true,"href":"https:\/\/www.glpa-apgl.com\/fr\/wp-json\/wp\/v2\/pages\/17"}],"wp:featuredmedia":[{"embeddable":true,"href":"https:\/\/www.glpa-apgl.com\/fr\/wp-json\/wp\/v2\/media\/2467"}],"wp:attachment":[{"href":"https:\/\/www.glpa-apgl.com\/fr\/wp-json\/wp\/v2\/media?parent=2198"}],"curies":[{"name":"wp","href":"https:\/\/api.w.org\/{rel}","templated":true}]}}