{"id":2199,"date":"2016-12-20T20:30:03","date_gmt":"2016-12-20T20:30:03","guid":{"rendered":"\/?page_id=92"},"modified":"2023-12-12T10:08:13","modified_gmt":"2023-12-12T15:08:13","slug":"access-to-information","status":"publish","type":"page","link":"https:\/\/www.glpa-apgl.com\/fr\/reports-and-documents\/access-to-information\/","title":{"rendered":"Demandes d\u2019acc\u00e8s \u00e0 l\u2019information"},"content":{"rendered":"<p><strong>VEUILLEZ NOTER : <\/strong>\u00c0 compter du 1er avril 2015, la Division des politiques de l\u2019information et de la protection des renseignements personnels du Secr\u00e9tariat du Conseil du Tr\u00e9sor du Canada a charg\u00e9 toutes les soci\u00e9t\u00e9s d\u2019\u00c9tat de publier tous leurs sommaires d\u2019acc\u00e8s \u00e0 l\u2019information mensuels sur le site web ouvert.canada.ca et de simplement fournir un lien hypertexte aux sommaires de leur institution sur leur site web. Cette initiative remplace l\u2019exigence pr\u00e9c\u00e9dente pour chaque soci\u00e9t\u00e9 d\u2019\u00c9tat de publier les sommaires mensuels sur leur site web individuel.<\/p>\n\n\n\n<p>Veuillez visiter le lien suivant pour afficher les demandes d\u2019acc\u00e8s \u00e0 l\u2019information compl\u00e9t\u00e9es : <a rel=\"noopener\" href=\"https:\/\/ouvert.canada.ca\/fr\/search\/ati\" target=\"_blank\">https:\/\/ouvert.canada.ca\/fr\/search\/ati<\/a><\/p>\n\n\n\n<p><\/p>\n\n\n\n<h3 class=\"wp-block-heading\">Demandes d'acc\u00e8s \u00e0 l'information<\/h3>\n\n\n\n<div class=\"wp-block-group report-container has-background is-layout-flow wp-block-group-is-layout-flow\" style=\"background-color:#f9f9f9\">\n<div class=\"wp-block-columns is-layout-flex wp-container-core-columns-is-layout-9d6595d7 wp-block-columns-is-layout-flex\">\n<div class=\"wp-block-column is-layout-flow wp-block-column-is-layout-flow\"><div class=\"wpgb-facet wpgb-loading wpgb-facet-1\" data-facet=\"1\" data-grid=\"2\">\t<h4 class=\"wpgb-facet-title\">Plage de dates<\/h4>\n\t\t<fieldset>\n\t\t<legend class=\"wpgb-facet-title wpgb-sr-only\">Plage de dates<\/legend>\n\t\t<div class=\"wpgb-range-facet\">\n\t\t\t\t<input type=\"range\" class=\"wpgb-range\" name=\"filter_by_date[]\" min=\"2012\" max=\"2025\" step=\"1\" value=\"2012\" hidden>\n\t\t\t\t<input type=\"range\" class=\"wpgb-range\" name=\"filter_by_date[]\" min=\"2012\" max=\"2025\" step=\"0.00001\" value=\"2025\" hidden>\n\t\t\t\t<div class=\"wpgb-range-facet-loader\"><div class=\"wpgb-range-slider\"><div class=\"wpgb-range-progress\"><\/div><div class=\"wpgb-range-thumbs\"><div class=\"wpgb-range-thumb\"><\/div><div class=\"wpgb-range-thumb\"><\/div><\/div><\/div><span class=\"wpgb-range-values\"><span><\/span><\/span><button type=\"button\" class=\"wpgb-range-clear\" disabled>Remettre<\/button><\/div>\n\t\t\t<\/div>\t<\/fieldset>\n\t<\/div><\/div>\n<\/div>\n\n\n\n<figure class=\"wp-block-table is-style-stripes file-list-header\"><table><thead><tr><th class=\"has-text-align-left\" data-align=\"left\">Date<\/th><th class=\"has-text-align-left\" data-align=\"left\">Document<\/th><th class=\"has-text-align-right\" data-align=\"right\">Taille<\/th><\/tr><\/thead><\/table><\/figure>\n\n\n<!-- Gridbuilder \u1d42\u1d3e Plugin (https:\/\/wpgridbuilder.com) -->\n<div class=\"wp-grid-builder wpgb-grid-2\" data-options=\"{&quot;id&quot;:2,&quot;type&quot;:&quot;masonry&quot;,&quot;source&quot;:&quot;post_type&quot;,&quot;loader&quot;:0,&quot;layout&quot;:&quot;vertical&quot;,&quot;reveal&quot;:0,&quot;isMainQuery&quot;:false,&quot;lazyLoad&quot;:0,&quot;cardSizes&quot;:{&quot;9999&quot;:{&quot;columns&quot;:1,&quot;height&quot;:240,&quot;gutter&quot;:0,&quot;ratio&quot;:&quot;1.33333&quot;},&quot;1200&quot;:{&quot;columns&quot;:1,&quot;height&quot;:240,&quot;gutter&quot;:0,&quot;ratio&quot;:&quot;1.33333&quot;},&quot;992&quot;:{&quot;columns&quot;:1,&quot;height&quot;:220,&quot;gutter&quot;:0,&quot;ratio&quot;:&quot;1.33333&quot;},&quot;768&quot;:{&quot;columns&quot;:1,&quot;height&quot;:220,&quot;gutter&quot;:0,&quot;ratio&quot;:&quot;1.33333&quot;},&quot;576&quot;:{&quot;columns&quot;:1,&quot;height&quot;:200,&quot;gutter&quot;:0,&quot;ratio&quot;:&quot;1.33333&quot;},&quot;320&quot;:{&quot;columns&quot;:1,&quot;height&quot;:200,&quot;gutter&quot;:0,&quot;ratio&quot;:&quot;1.33333&quot;}},&quot;fitRows&quot;:0,&quot;equalRows&quot;:0,&quot;equalColumns&quot;:0,&quot;fillLastRow&quot;:0,&quot;centerLastRow&quot;:0,&quot;horizontalOrder&quot;:0,&quot;fullWidth&quot;:0,&quot;transitionDelay&quot;:100,&quot;gallerySlideshow&quot;:0,&quot;rowsNumber&quot;:1,&quot;slideAlign&quot;:&quot;left&quot;,&quot;groupCells&quot;:1,&quot;draggable&quot;:1,&quot;initialIndex&quot;:0,&quot;contain&quot;:0,&quot;freeScroll&quot;:0,&quot;freeFriction&quot;:&quot;0.075&quot;,&quot;friction&quot;:&quot;0.285&quot;,&quot;attraction&quot;:&quot;0.025&quot;,&quot;autoPlay&quot;:0,&quot;pageDotAriaLabel&quot;:&quot;Page dot %d&quot;,&quot;isPreview&quot;:false,&quot;isGutenberg&quot;:false,&quot;rightToLeft&quot;:false}\"><div class=\"wpgb-svg-icons\" hidden>\n\t<svg viewbox=\"0 0 120 24\" width=\"0\" height=\"0\">\n\t<defs>\n        <polygon id=\"wpgb-star-svg\" points=\"12 2.5 15.1 8.8 22 9.8 17 14.6 18.2 21.5 12 18.3 5.8 21.5 7 14.6 2 9.8 8.9 8.8\"><\/polygon>\n    <\/defs>\n    <symbol id=\"wpgb-rating-stars-svg\">\n        <use xlink:href=\"#wpgb-star-svg\"><\/use>\n        <use xlink:href=\"#wpgb-star-svg\" x=\"24\"><\/use>\n        <use xlink:href=\"#wpgb-star-svg\" x=\"48\"><\/use>\n        <use xlink:href=\"#wpgb-star-svg\" x=\"72\"><\/use>\n        <use xlink:href=\"#wpgb-star-svg\" x=\"96\"><\/use>\n    <\/symbol>\n<\/svg>\n<\/div>\n<div class=\"wpgb-wrapper\">\n\t<div class=\"wpgb-main\">\n\t<div class=\"wpgb-layout\">\n\t<div class=\"wpgb-viewport\">\n\t\t<div class=\"wpgb-masonry\">\n\t\t\t<article class=\"wpgb-card wpgb-card-1 wpgb-post-5825\" data-col=\"1\" data-row=\"1\" data-format=\"standard\"><div class=\"wpgb-card-wrapper\"><div class=\"wpgb-card-inner\"><div class=\"wpgb-card-content wpgb-scheme-dark\"><div class=\"wpgb-card-body\"><time class=\"wpgb-block-1 wpgb-idle-scheme-1\" datetime=\"2025-09-19T09:04:43+00:00\">2025\/09\/19<\/time><div class=\"wpgb-block-4 wpgb-idle-accent-1\"><a href=\"https:\/\/www.glpa-apgl.com\/wp-content\/uploads\/2025\/09\/Rapport-annuel-au-Parliament-Loi-sur-la-protection-des-renseignements-personnels-2024-2025-2.pdf\" target=\"_blank\">Rapport annuel au Parliament: Loi sur la protection des renseignements personnels 2024-2025<\/a><\/div><div class=\"wpgb-block-3\">3,88 Mo<\/div><\/div><\/div><\/div><\/div><\/article><article class=\"wpgb-card wpgb-card-1 wpgb-post-5823\" data-col=\"1\" data-row=\"1\" data-format=\"standard\"><div class=\"wpgb-card-wrapper\"><div class=\"wpgb-card-inner\"><div class=\"wpgb-card-content wpgb-scheme-dark\"><div class=\"wpgb-card-body\"><time class=\"wpgb-block-1 wpgb-idle-scheme-1\" datetime=\"2025-09-19T08:59:48+00:00\">2025\/09\/19<\/time><div class=\"wpgb-block-4 wpgb-idle-accent-1\"><a href=\"https:\/\/www.glpa-apgl.com\/wp-content\/uploads\/2025\/09\/Rapport-annuel-au-Parliament-Loi-sur-laccess-a-linformation-2024-2025-2.pdf\" target=\"_blank\">Rapport Annuel au Parliament: Loi sur l'access  \u00e0 l'information 2024 - 2025<\/a><\/div><div class=\"wpgb-block-3\">5,13 Mo<\/div><\/div><\/div><\/div><\/div><\/article><article class=\"wpgb-card wpgb-card-1 wpgb-post-5223\" data-col=\"1\" data-row=\"1\" data-format=\"standard\"><div class=\"wpgb-card-wrapper\"><div class=\"wpgb-card-inner\"><div class=\"wpgb-card-content wpgb-scheme-dark\"><div class=\"wpgb-card-body\"><time class=\"wpgb-block-1 wpgb-idle-scheme-1\" datetime=\"2023-12-12T10:12:45+00:00\">2023\/12\/12<\/time><div class=\"wpgb-block-4 wpgb-idle-accent-1\"><a href=\"https:\/\/www.glpa-apgl.com\/wp-content\/uploads\/2023\/12\/GLPAAnnual-Report-PA-FR-2022-2023.pdf\" target=\"_blank\">Rapport annuel au Parlement: Loi sur la protection des renseignements personnels 2022-2023<\/a><\/div><div class=\"wpgb-block-3\">176,80 Ko<\/div><\/div><\/div><\/div><\/div><\/article><article class=\"wpgb-card wpgb-card-1 wpgb-post-5222\" data-col=\"1\" data-row=\"1\" data-format=\"standard\"><div class=\"wpgb-card-wrapper\"><div class=\"wpgb-card-inner\"><div class=\"wpgb-card-content wpgb-scheme-dark\"><div class=\"wpgb-card-body\"><time class=\"wpgb-block-1 wpgb-idle-scheme-1\" datetime=\"2023-12-12T10:10:18+00:00\">2023\/12\/12<\/time><div class=\"wpgb-block-4 wpgb-idle-accent-1\"><a href=\"https:\/\/www.glpa-apgl.com\/wp-content\/uploads\/2023\/12\/GLPAAnnual-Report-ATIA-French-2022-2023.pdf\" target=\"_blank\">Rapport annuel au Parlement: Loi sur l\u2019acc\u00e8s \u00e0 l\u2019information - 2022-2023<\/a><\/div><div class=\"wpgb-block-3\">175,36 Ko<\/div><\/div><\/div><\/div><\/div><\/article><article class=\"wpgb-card wpgb-card-1 wpgb-post-3222\" data-col=\"1\" data-row=\"1\" data-format=\"standard\"><div class=\"wpgb-card-wrapper\"><div class=\"wpgb-card-inner\"><div class=\"wpgb-card-content wpgb-scheme-dark\"><div class=\"wpgb-card-body\"><time class=\"wpgb-block-1 wpgb-idle-scheme-1\" datetime=\"2015-04-01T11:57:00+00:00\">2015\/04\/01<\/time><div class=\"wpgb-block-4 wpgb-idle-accent-1\"><a href=\"https:\/\/www.glpa-apgl.com\/wp-content\/uploads\/2022\/11\/request-summary-apr-2015-fr.pdf\" target=\"_blank\">Sommaire de la demande 04\/2015<\/a><\/div><div class=\"wpgb-block-3\">5,02 Ko<\/div><\/div><\/div><\/div><\/div><\/article><article class=\"wpgb-card wpgb-card-1 wpgb-post-3216\" data-col=\"1\" data-row=\"1\" data-format=\"standard\"><div class=\"wpgb-card-wrapper\"><div class=\"wpgb-card-inner\"><div class=\"wpgb-card-content wpgb-scheme-dark\"><div class=\"wpgb-card-body\"><time class=\"wpgb-block-1 wpgb-idle-scheme-1\" datetime=\"2015-03-01T11:55:15+00:00\">2015\/03\/01<\/time><div class=\"wpgb-block-4 wpgb-idle-accent-1\"><a href=\"https:\/\/www.glpa-apgl.com\/wp-content\/uploads\/2022\/11\/request-summary-mar-2015-fr.pdf\" target=\"_blank\">Sommaire de la demande 03\/2015<\/a><\/div><div class=\"wpgb-block-3\">5,04 Ko<\/div><\/div><\/div><\/div><\/div><\/article><article class=\"wpgb-card wpgb-card-1 wpgb-post-3214\" data-col=\"1\" data-row=\"1\" data-format=\"standard\"><div class=\"wpgb-card-wrapper\"><div class=\"wpgb-card-inner\"><div class=\"wpgb-card-content wpgb-scheme-dark\"><div class=\"wpgb-card-body\"><time class=\"wpgb-block-1 wpgb-idle-scheme-1\" datetime=\"2015-02-01T11:54:33+00:00\">2015\/02\/01<\/time><div class=\"wpgb-block-4 wpgb-idle-accent-1\"><a href=\"https:\/\/www.glpa-apgl.com\/wp-content\/uploads\/2022\/11\/request-summary-feb-2015-fr.pdf\" target=\"_blank\">Sommaire de la demande 02\/2015<\/a><\/div><div class=\"wpgb-block-3\">5,04 Ko<\/div><\/div><\/div><\/div><\/div><\/article><article class=\"wpgb-card wpgb-card-1 wpgb-post-2715\" data-col=\"1\" data-row=\"1\" data-format=\"standard\"><div class=\"wpgb-card-wrapper\"><div class=\"wpgb-card-inner\"><div class=\"wpgb-card-content wpgb-scheme-dark\"><div class=\"wpgb-card-body\"><time class=\"wpgb-block-1 wpgb-idle-scheme-1\" datetime=\"2015-01-01T16:11:48+00:00\">2015\/01\/01<\/time><div class=\"wpgb-block-4 wpgb-idle-accent-1\"><a href=\"https:\/\/www.glpa-apgl.com\/wp-content\/uploads\/2022\/10\/request-summary-jan-2015-fr.pdf\" target=\"_blank\">Sommaire de la demande 01\/2015<\/a><\/div><div class=\"wpgb-block-3\">5,04 Ko<\/div><\/div><\/div><\/div><\/div><\/article><article class=\"wpgb-card wpgb-card-1 wpgb-post-3200\" data-col=\"1\" data-row=\"1\" data-format=\"standard\"><div class=\"wpgb-card-wrapper\"><div class=\"wpgb-card-inner\"><div class=\"wpgb-card-content wpgb-scheme-dark\"><div class=\"wpgb-card-body\"><time class=\"wpgb-block-1 wpgb-idle-scheme-1\" datetime=\"2014-12-01T11:45:47+00:00\">2014\/12\/01<\/time><div class=\"wpgb-block-4 wpgb-idle-accent-1\"><a href=\"https:\/\/www.glpa-apgl.com\/wp-content\/uploads\/2022\/11\/request-summary-dec-2014-fr.pdf\" target=\"_blank\">Sommaire de la demande 12\/2014<\/a><\/div><div class=\"wpgb-block-3\">5,04 Ko<\/div><\/div><\/div><\/div><\/div><\/article><article class=\"wpgb-card wpgb-card-1 wpgb-post-3198\" data-col=\"1\" data-row=\"1\" data-format=\"standard\"><div class=\"wpgb-card-wrapper\"><div class=\"wpgb-card-inner\"><div class=\"wpgb-card-content wpgb-scheme-dark\"><div class=\"wpgb-card-body\"><time class=\"wpgb-block-1 wpgb-idle-scheme-1\" datetime=\"2014-11-01T11:45:12+00:00\">2014\/11\/01<\/time><div class=\"wpgb-block-4 wpgb-idle-accent-1\"><a href=\"https:\/\/www.glpa-apgl.com\/wp-content\/uploads\/2022\/11\/request-summary-nov-2014-fr.pdf\" target=\"_blank\">Sommaire de la demande 11\/2014<\/a><\/div><div class=\"wpgb-block-3\">4,84 Ko<\/div><\/div><\/div><\/div><\/div><\/article><article class=\"wpgb-card wpgb-card-1 wpgb-post-3196\" data-col=\"1\" data-row=\"1\" data-format=\"standard\"><div class=\"wpgb-card-wrapper\"><div class=\"wpgb-card-inner\"><div class=\"wpgb-card-content wpgb-scheme-dark\"><div class=\"wpgb-card-body\"><time class=\"wpgb-block-1 wpgb-idle-scheme-1\" datetime=\"2014-10-01T11:44:40+00:00\">2014\/10\/01<\/time><div class=\"wpgb-block-4 wpgb-idle-accent-1\"><a href=\"https:\/\/www.glpa-apgl.com\/wp-content\/uploads\/2022\/11\/request-summary-oct-2014-fr.pdf\" target=\"_blank\">Sommaire de la demande 10\/2014<\/a><\/div><div class=\"wpgb-block-3\">4,84 Ko<\/div><\/div><\/div><\/div><\/div><\/article><article class=\"wpgb-card wpgb-card-1 wpgb-post-3194\" data-col=\"1\" data-row=\"1\" data-format=\"standard\"><div class=\"wpgb-card-wrapper\"><div class=\"wpgb-card-inner\"><div class=\"wpgb-card-content wpgb-scheme-dark\"><div class=\"wpgb-card-body\"><time class=\"wpgb-block-1 wpgb-idle-scheme-1\" datetime=\"2014-09-01T11:44:09+00:00\">2014\/09\/01<\/time><div class=\"wpgb-block-4 wpgb-idle-accent-1\"><a href=\"https:\/\/www.glpa-apgl.com\/wp-content\/uploads\/2022\/11\/request-summary-sep-2014-fr.pdf\" target=\"_blank\">Sommaire de la demande 09\/2014<\/a><\/div><div class=\"wpgb-block-3\">5,04 Ko<\/div><\/div><\/div><\/div><\/div><\/article>\t\t<\/div>\n\t<\/div>\n\t<\/div>\n<div class=\"wpgb-area wpgb-area-bottom-1\">\n\t<div class=\"wpgb-facet wpgb-loading wpgb-facet-3\" data-facet=\"3\" data-grid=\"2\"><nav class=\"wpgb-pagination-facet\" aria-label=\"Page navigation\"><ul class=\"wpgb-pagination\"><li class=\"wpgb-page\"><a href=\"https:\/\/www.glpa-apgl.com\/fr\/reports-and-documents\/access-to-information\/?_pagination=1\" aria-current=\"true\" aria-label=\"Current Page, Page 1\" data-page=\"1\">1<\/a><\/li><li class=\"wpgb-page\"><a href=\"https:\/\/www.glpa-apgl.com\/fr\/reports-and-documents\/access-to-information\/?_pagination=2\" aria-label=\"Go to Page 2\" data-page=\"2\">2<\/a><\/li><li class=\"wpgb-page\"><a href=\"https:\/\/www.glpa-apgl.com\/fr\/reports-and-documents\/access-to-information\/?_pagination=3\" aria-label=\"Go to Page 3\" data-page=\"3\">3<\/a><\/li><li class=\"wpgb-page\"><a href=\"https:\/\/www.glpa-apgl.com\/fr\/reports-and-documents\/access-to-information\/?_pagination=4\" aria-label=\"Go to Page 4\" data-page=\"4\">4<\/a><\/li><li class=\"wpgb-page wpgb-page-next\"><a href=\"https:\/\/www.glpa-apgl.com\/fr\/reports-and-documents\/access-to-information\/?_pagination=2\" aria-label=\"Go to Page 2\" data-page=\"2\">Suivante \u00bb<\/a><\/li><\/ul><\/nav><\/div><\/div>\n\t<\/div>\n\t\t<\/div>\n<\/div>\n<\/div>\n\n\n\n<div style=\"height:30px\" aria-hidden=\"true\" class=\"wp-block-spacer\"><\/div>\n\n\n\n<p><strong>Note:<\/strong> Pour lire la version PDF, il vous faut avoir Adobe Acrobat Reader version 5.0 (ou sup\u00e9rieure) sur votre syst\u00e8me. Pour obtenir Acrobat Reader, allez \u00e0 : <a href=\"http:\/\/www.adobe.com\/products\/acrobat\/readermain.html\">http:\/\/www.adobe.com\/products\/acrobat\/readermain.html<\/a><\/p>\n\n\n\n<p>Si vous n\u2019avez pas acc\u00e8s au site de t\u00e9l\u00e9chargement d\u2019Adobe, vous pouvez t\u00e9l\u00e9charger le logiciel \u00e0 partir de la page suivante : <a href=\"http:\/\/www.adobe.com\/products\/acrobat\/alternate.html\">http:\/\/www.adobe.com\/products\/acrobat\/alternate.html<\/a><\/p>\n\n\n\n<p>Si vous choisissez de ne pas utiliser Acrobat Reader, vous pouvez convertir le dossier PDF \u00e0 du texte HTML ou ASCII en utilisant l\u2019un des services de conversion offerts par Adobe \u00e0 partir de la page suivante : <a href=\"http:\/\/access.adobe.com\/onlinetools.html\">http:\/\/access.adobe.com\/onlinetools.html<\/a><\/p>","protected":false},"excerpt":{"rendered":"<p>PLEASE NOTE: Effective April 1, 2015, the Information and Privacy Policy Division, Treasury Board of Canada Secretariat, instructed all Crown Corporations to post all monthly Access to Information summaries on the open.canada.ca website and to simply provide a hyperlink to their institution\u2019s summaries on their website. This initiative replaces the previous requirement for each Crown [&hellip;]<\/p>\n","protected":false},"author":1,"featured_media":2467,"parent":17,"menu_order":4,"comment_status":"closed","ping_status":"closed","template":"","meta":{"_acf_changed":false,"_et_pb_use_builder":"","_et_pb_old_content":"","_et_gb_content_width":"","footnotes":""},"class_list":["post-2199","page","type-page","status-publish","has-post-thumbnail","hentry"],"acf":[],"_links":{"self":[{"href":"https:\/\/www.glpa-apgl.com\/fr\/wp-json\/wp\/v2\/pages\/2199","targetHints":{"allow":["GET"]}}],"collection":[{"href":"https:\/\/www.glpa-apgl.com\/fr\/wp-json\/wp\/v2\/pages"}],"about":[{"href":"https:\/\/www.glpa-apgl.com\/fr\/wp-json\/wp\/v2\/types\/page"}],"author":[{"embeddable":true,"href":"https:\/\/www.glpa-apgl.com\/fr\/wp-json\/wp\/v2\/users\/1"}],"replies":[{"embeddable":true,"href":"https:\/\/www.glpa-apgl.com\/fr\/wp-json\/wp\/v2\/comments?post=2199"}],"version-history":[{"count":6,"href":"https:\/\/www.glpa-apgl.com\/fr\/wp-json\/wp\/v2\/pages\/2199\/revisions"}],"predecessor-version":[{"id":5221,"href":"https:\/\/www.glpa-apgl.com\/fr\/wp-json\/wp\/v2\/pages\/2199\/revisions\/5221"}],"up":[{"embeddable":true,"href":"https:\/\/www.glpa-apgl.com\/fr\/wp-json\/wp\/v2\/pages\/17"}],"wp:featuredmedia":[{"embeddable":true,"href":"https:\/\/www.glpa-apgl.com\/fr\/wp-json\/wp\/v2\/media\/2467"}],"wp:attachment":[{"href":"https:\/\/www.glpa-apgl.com\/fr\/wp-json\/wp\/v2\/media?parent=2199"}],"curies":[{"name":"wp","href":"https:\/\/api.w.org\/{rel}","templated":true}]}}