{"id":2201,"date":"2016-12-20T20:33:11","date_gmt":"2016-12-20T20:33:11","guid":{"rendered":"\/?page_id=98"},"modified":"2025-04-01T13:10:40","modified_gmt":"2025-04-01T17:10:40","slug":"information-source","status":"publish","type":"page","link":"https:\/\/www.glpa-apgl.com\/fr\/reports-and-documents\/information-source\/","title":{"rendered":"Info Source\u00a0"},"content":{"rendered":"<h2 class=\"wp-block-heading\">Pr\u00e9sentation d\u2019Info Source<\/h2>\n\n\n\n<p><em>Info Source : Sources de renseignements f\u00e9d\u00e9raux et sur les employ\u00e9s f\u00e9d\u00e9raux<\/em> fournit de l\u2019information au sujet des fonctions, des programmes, des activit\u00e9s et des fonds de renseignements connexes des institutions gouvernementales vis\u00e9es par la <a href=\"http:\/\/laws-lois.justice.gc.ca\/eng\/acts\/A-1\/\"><em>Loi sur l\u2019acc\u00e8s \u00e0 l\u2019information<\/em><\/a> et la <a href=\"http:\/\/laws-lois.justice.gc.ca\/eng\/acts\/p-21\/\"><em>Loi sur la protection des renseignements personnels<\/em><\/a>. Info Source fournit aux personnes et aux employ\u00e9s du gouvernement (actuels et anciens) des renseignements pertinents visant \u00e0 leur donner acc\u00e8s aux renseignements personnels les concernant qui sont d\u00e9tenus par les institutions gouvernementales assujetties \u00e0 la <em>Loi sur la protection des renseignements personnels<\/em> et \u00e0 les aider \u00e0 exercer leurs droits en vertu de la <em>Loi sur la protection des renseignements personnels<\/em>.<\/p>\n\n\n\n<p><a href=\"https:\/\/www.canada.ca\/fr\/secretariat-conseil-tresor\/services\/acces-information-protection-reseignements-personnels\/acces-information\/fonctionnement-demandes-acces-information-renseignements-personnels.html\">L\u2018introduction<\/a> et <a href=\"https:\/\/www.canada.ca\/fr\/secretariat-conseil-tresor\/services\/acces-information-protection-reseignements-personnels\/acces-information\/renseignements-programmes-fonds-renseignements\/sources-renseignements-gouvernement-federal-fonctionnaires-federaux.html\">une liste des institutions<\/a> vis\u00e9es par la <em>Loi sur l\u2019acc\u00e8s \u00e0 l\u2019information<\/em> et la <em>Loi sur la protection des renseignements personnels<\/em> sont disponibles dans un endroit central.<\/p>\n\n\n\n<div class=\"wp-block-buttons is-layout-flex wp-block-buttons-is-layout-flex\">\n<div class=\"wp-block-button\"><a class=\"wp-block-button__link wp-element-button\" href=\"\/documents\/APGL_Info_Source_2025-Francais.pdf\" target=\"_blank\" rel=\"noreferrer noopener\">Info Source (PDF 383KB)<\/a><\/div>\n<\/div>\n\n\n\n<p><\/p>\n\n\n\n<p>The <em>Loi sur l\u2019acc\u00e8s \u00e0 l\u2019information<\/em> et la <em>Loi sur la protection des renseignements personnels<\/em> conf\u00e8rent au pr\u00e9sident du Conseil du Tr\u00e9sor (\u00e0 titre de ministre d\u00e9sign\u00e9) la responsabilit\u00e9 globale de l\u2019administration de la loi \u00e0 l\u2019\u00e9chelle du gouvernement.<\/p>","protected":false},"excerpt":{"rendered":"<p>Introduction to Info Source Info Source: Sources of Federal Government and Employee Information provides information about the functions, programs, activities and related information holdings of government institutions subject to Access to Information Act and the Privacy Act. It provides individuals and employees of the government (current and former) with relevant information to access personal information [&hellip;]<\/p>\n","protected":false},"author":1,"featured_media":2467,"parent":17,"menu_order":5,"comment_status":"closed","ping_status":"closed","template":"","meta":{"_acf_changed":false,"_et_pb_use_builder":"","_et_pb_old_content":"","_et_gb_content_width":"","footnotes":""},"class_list":["post-2201","page","type-page","status-publish","has-post-thumbnail","hentry"],"acf":[],"_links":{"self":[{"href":"https:\/\/www.glpa-apgl.com\/fr\/wp-json\/wp\/v2\/pages\/2201","targetHints":{"allow":["GET"]}}],"collection":[{"href":"https:\/\/www.glpa-apgl.com\/fr\/wp-json\/wp\/v2\/pages"}],"about":[{"href":"https:\/\/www.glpa-apgl.com\/fr\/wp-json\/wp\/v2\/types\/page"}],"author":[{"embeddable":true,"href":"https:\/\/www.glpa-apgl.com\/fr\/wp-json\/wp\/v2\/users\/1"}],"replies":[{"embeddable":true,"href":"https:\/\/www.glpa-apgl.com\/fr\/wp-json\/wp\/v2\/comments?post=2201"}],"version-history":[{"count":8,"href":"https:\/\/www.glpa-apgl.com\/fr\/wp-json\/wp\/v2\/pages\/2201\/revisions"}],"predecessor-version":[{"id":5611,"href":"https:\/\/www.glpa-apgl.com\/fr\/wp-json\/wp\/v2\/pages\/2201\/revisions\/5611"}],"up":[{"embeddable":true,"href":"https:\/\/www.glpa-apgl.com\/fr\/wp-json\/wp\/v2\/pages\/17"}],"wp:featuredmedia":[{"embeddable":true,"href":"https:\/\/www.glpa-apgl.com\/fr\/wp-json\/wp\/v2\/media\/2467"}],"wp:attachment":[{"href":"https:\/\/www.glpa-apgl.com\/fr\/wp-json\/wp\/v2\/media?parent=2201"}],"curies":[{"name":"wp","href":"https:\/\/api.w.org\/{rel}","templated":true}]}}