{"id":238,"date":"2017-05-04T19:22:27","date_gmt":"2017-05-04T19:22:27","guid":{"rendered":"\/?page_id=238"},"modified":"2022-11-08T12:17:02","modified_gmt":"2022-11-08T17:17:02","slug":"marine-weather","status":"publish","type":"page","link":"https:\/\/www.glpa-apgl.com\/fr\/navigation\/marine-weather\/","title":{"rendered":"Pr\u00e9visions m\u00e9t\u00e9orologiques"},"content":{"rendered":"<h3 class=\"wp-block-heading\">Pr\u00e9visions m\u00e9t\u00e9orologiques pour :<\/h3>\n\n\n\n<p>Grands Lacs \u2013 Lac \u00c9ri\u00e9 et Lac Ontario : <br><a href=\"http:\/\/meteo.gc.ca\/marine\/region_f.html?mapID=11\" target=\"_blank\" rel=\"noreferrer noopener\"> http:\/\/meteo.gc.ca\/marine\/region_f.html?mapID=11<\/a><\/p>\n\n\n\n<p>Grands Lacs \u2013 Lac Huron : <br><a href=\"http:\/\/meteo.gc.ca\/marine\/region_f.html?mapID=10\" target=\"_blank\" rel=\"noreferrer noopener\">http:\/\/meteo.gc.ca\/marine\/region_f.html?mapID=10<\/a><\/p>\n\n\n\n<p>Grands Lacs \u2013 Lac Sup\u00e9rieur : <br><a href=\"http:\/\/meteo.gc.ca\/marine\/region_f.html?mapID=09\" target=\"_blank\" rel=\"noreferrer noopener\">http:\/\/meteo.gc.ca\/marine\/region_f.html?mapID=09<\/a><\/p>","protected":false},"excerpt":{"rendered":"<p>Marine Weather for: Great Lakes \u2013 Lake Erie and Lake Ontario: http:\/\/weather.gc.ca\/marine\/region_e.html?mapID=11 Great Lakes \u2013 Lake Huron: http:\/\/weather.gc.ca\/marine\/region_e.html?mapID=10 Great Lakes \u2013 Lake Superior: http:\/\/weather.gc.ca\/marine\/region_e.html?mapID=09<\/p>","protected":false},"author":1,"featured_media":2460,"parent":186,"menu_order":0,"comment_status":"closed","ping_status":"closed","template":"","meta":{"_acf_changed":false,"_et_pb_use_builder":"","_et_pb_old_content":"","_et_gb_content_width":"","footnotes":""},"class_list":["post-238","page","type-page","status-publish","has-post-thumbnail","hentry"],"acf":[],"_links":{"self":[{"href":"https:\/\/www.glpa-apgl.com\/fr\/wp-json\/wp\/v2\/pages\/238","targetHints":{"allow":["GET"]}}],"collection":[{"href":"https:\/\/www.glpa-apgl.com\/fr\/wp-json\/wp\/v2\/pages"}],"about":[{"href":"https:\/\/www.glpa-apgl.com\/fr\/wp-json\/wp\/v2\/types\/page"}],"author":[{"embeddable":true,"href":"https:\/\/www.glpa-apgl.com\/fr\/wp-json\/wp\/v2\/users\/1"}],"replies":[{"embeddable":true,"href":"https:\/\/www.glpa-apgl.com\/fr\/wp-json\/wp\/v2\/comments?post=238"}],"version-history":[{"count":6,"href":"https:\/\/www.glpa-apgl.com\/fr\/wp-json\/wp\/v2\/pages\/238\/revisions"}],"predecessor-version":[{"id":2952,"href":"https:\/\/www.glpa-apgl.com\/fr\/wp-json\/wp\/v2\/pages\/238\/revisions\/2952"}],"up":[{"embeddable":true,"href":"https:\/\/www.glpa-apgl.com\/fr\/wp-json\/wp\/v2\/pages\/186"}],"wp:featuredmedia":[{"embeddable":true,"href":"https:\/\/www.glpa-apgl.com\/fr\/wp-json\/wp\/v2\/media\/2460"}],"wp:attachment":[{"href":"https:\/\/www.glpa-apgl.com\/fr\/wp-json\/wp\/v2\/media?parent=238"}],"curies":[{"name":"wp","href":"https:\/\/api.w.org\/{rel}","templated":true}]}}