{"id":257,"date":"2017-05-04T19:30:46","date_gmt":"2017-05-04T19:30:46","guid":{"rendered":"\/?page_id=257"},"modified":"2022-11-08T12:34:30","modified_gmt":"2022-11-08T17:34:30","slug":"distance-transits-and-maps","status":"publish","type":"page","link":"https:\/\/www.glpa-apgl.com\/fr\/passage-plan\/distance-transits-and-maps\/","title":{"rendered":"Distance, transits et cartes"},"content":{"rendered":"<div class=\"wp-block-buttons is-layout-flex wp-block-buttons-is-layout-flex\">\n<div class=\"wp-block-button\"><a class=\"wp-block-button__link wp-element-button\" href=\"\/reports\/map-of-districts-locks-rivers-lakes-overview.pdf\" target=\"_blank\" rel=\"noreferrer noopener\">Carte des circonscription de pilotage de la r\u00e9gion des Grands Lacs (PDF 404KB)<\/a><\/div>\n<\/div>\n\n\n\n<div style=\"height:30px\" aria-hidden=\"true\" class=\"wp-block-spacer\"><\/div>\n\n\n\n<p><strong>Note:<\/strong> Pour lire la version PDF, il vous faut avoir Adobe Acrobat Reader version 5.0 (ou sup\u00e9rieure) sur votre syst\u00e8me. Pour obtenir Acrobat Reader, allez \u00e0 : <a href=\"http:\/\/www.adobe.com\/products\/acrobat\/readermain.html\">http:\/\/www.adobe.com\/products\/acrobat\/readermain.html<\/a><\/p>\n\n\n\n<p>Si vous n\u2019avez pas acc\u00e8s au site de t\u00e9l\u00e9chargement d\u2019Adobe, vous pouvez t\u00e9l\u00e9charger le logiciel \u00e0 partir de la page suivante : <a href=\"http:\/\/www.adobe.com\/products\/acrobat\/alternate.html\">http:\/\/www.adobe.com\/products\/acrobat\/alternate.html<\/a><\/p>\n\n\n\n<p>Si vous choisissez de ne pas utiliser Acrobat Reader, vous pouvez convertir le dossier PDF \u00e0 du texte HTML ou ASCII en utilisant l\u2019un des services de conversion offerts par Adobe \u00e0 partir de la page suivante : <a href=\"http:\/\/access.adobe.com\/onlinetools.html\">http:\/\/access.adobe.com\/onlinetools.html<\/a><\/p>","protected":false},"excerpt":{"rendered":"","protected":false},"author":1,"featured_media":2502,"parent":181,"menu_order":0,"comment_status":"closed","ping_status":"closed","template":"","meta":{"_acf_changed":false,"_et_pb_use_builder":"","_et_pb_old_content":"","_et_gb_content_width":"","footnotes":""},"class_list":["post-257","page","type-page","status-publish","has-post-thumbnail","hentry"],"acf":[],"_links":{"self":[{"href":"https:\/\/www.glpa-apgl.com\/fr\/wp-json\/wp\/v2\/pages\/257","targetHints":{"allow":["GET"]}}],"collection":[{"href":"https:\/\/www.glpa-apgl.com\/fr\/wp-json\/wp\/v2\/pages"}],"about":[{"href":"https:\/\/www.glpa-apgl.com\/fr\/wp-json\/wp\/v2\/types\/page"}],"author":[{"embeddable":true,"href":"https:\/\/www.glpa-apgl.com\/fr\/wp-json\/wp\/v2\/users\/1"}],"replies":[{"embeddable":true,"href":"https:\/\/www.glpa-apgl.com\/fr\/wp-json\/wp\/v2\/comments?post=257"}],"version-history":[{"count":2,"href":"https:\/\/www.glpa-apgl.com\/fr\/wp-json\/wp\/v2\/pages\/257\/revisions"}],"predecessor-version":[{"id":2971,"href":"https:\/\/www.glpa-apgl.com\/fr\/wp-json\/wp\/v2\/pages\/257\/revisions\/2971"}],"up":[{"embeddable":true,"href":"https:\/\/www.glpa-apgl.com\/fr\/wp-json\/wp\/v2\/pages\/181"}],"wp:featuredmedia":[{"embeddable":true,"href":"https:\/\/www.glpa-apgl.com\/fr\/wp-json\/wp\/v2\/media\/2502"}],"wp:attachment":[{"href":"https:\/\/www.glpa-apgl.com\/fr\/wp-json\/wp\/v2\/media?parent=257"}],"curies":[{"name":"wp","href":"https:\/\/api.w.org\/{rel}","templated":true}]}}