{"id":260,"date":"2017-05-04T19:37:54","date_gmt":"2017-05-04T19:37:54","guid":{"rendered":"\/?page_id=260"},"modified":"2025-10-01T16:12:42","modified_gmt":"2025-10-01T20:12:42","slug":"great-lakes-marine-pilotage-certificate-training-program","status":"publish","type":"page","link":"https:\/\/www.glpa-apgl.com\/fr\/pilotage-certification\/great-lakes-marine-pilotage-certificate-training-program\/","title":{"rendered":"Programme de la formation au certificat de pilotage maritime dans les Grands Lacs"},"content":{"rendered":"<figure class=\"wp-block-table is-style-stripes\"><table><thead><tr><th class=\"has-text-align-left\" data-align=\"left\">Document<\/th><th class=\"has-text-align-left\" data-align=\"left\">Format<\/th><th class=\"has-text-align-left\" data-align=\"left\">Taille<\/th><\/tr><\/thead><tbody><tr><td class=\"has-text-align-left\" data-align=\"left\"><a href=\"\/reports\/training\/glpa-training-program-fr.pdf\" target=\"_blank\" rel=\"noreferrer noopener\">Guide du programme de formation des candidats au certificat de pilotage maritime dans les Grands Lacs<\/a><\/td><td class=\"has-text-align-left\" data-align=\"left\">PDF <i class=\"fa fa-file-pdf-o\"><\/i><\/td><td class=\"has-text-align-left\" data-align=\"left\">1.2MB<\/td><\/tr><tr><td class=\"has-text-align-left\" data-align=\"left\"><a href=\"\/reports\/training\/glpa-qms-aud-02-fr.pdf\" target=\"_blank\" rel=\"noreferrer noopener\">Approbations des cours de formation et du programme de formation \u00e0 bord<\/a><\/td><td class=\"has-text-align-left\" data-align=\"left\">PDF <i class=\"fa fa-file-pdf-o\"><\/i><\/td><td class=\"has-text-align-left\" data-align=\"left\">111KB<\/td><\/tr><\/tbody><\/table><\/figure>\n\n\n\n<div style=\"height:30px\" aria-hidden=\"true\" class=\"wp-block-spacer\"><\/div>\n\n\n\n<p><strong>Note:<\/strong> Pour lire la version PDF, il vous faut avoir Adobe Acrobat Reader version 5.0 (ou sup\u00e9rieure) sur votre syst\u00e8me. Pour obtenir Acrobat Reader, allez \u00e0 : <a href=\"http:\/\/www.adobe.com\/products\/acrobat\/readermain.html\">http:\/\/www.adobe.com\/products\/acrobat\/readermain.html<\/a><\/p>\n\n\n\n<p>Si vous n\u2019avez pas acc\u00e8s au site de t\u00e9l\u00e9chargement d\u2019Adobe, vous pouvez t\u00e9l\u00e9charger le logiciel \u00e0 partir de la page suivante : <a href=\"http:\/\/www.adobe.com\/products\/acrobat\/alternate.html\">http:\/\/www.adobe.com\/products\/acrobat\/alternate.html<\/a><\/p>\n\n\n\n<p>Si vous choisissez de ne pas utiliser Acrobat Reader, vous pouvez convertir le dossier PDF \u00e0 du texte HTML ou ASCII en utilisant l\u2019un des services de conversion offerts par Adobe \u00e0 partir de la page suivante : <a href=\"http:\/\/access.adobe.com\/onlinetools.html\">http:\/\/access.adobe.com\/onlinetools.html<\/a><\/p>","protected":false},"excerpt":{"rendered":"<p>Document Format Size Great Lakes Marine Pilotage Certificate Training Program Guide PDF 1.2MB Approval of Training Courses and On Board Training Program PDF 111KB<\/p>","protected":false},"author":1,"featured_media":2457,"parent":224,"menu_order":0,"comment_status":"closed","ping_status":"closed","template":"","meta":{"_acf_changed":false,"_et_pb_use_builder":"","_et_pb_old_content":"","_et_gb_content_width":"","footnotes":""},"class_list":["post-260","page","type-page","status-publish","has-post-thumbnail","hentry"],"acf":[],"_links":{"self":[{"href":"https:\/\/www.glpa-apgl.com\/fr\/wp-json\/wp\/v2\/pages\/260","targetHints":{"allow":["GET"]}}],"collection":[{"href":"https:\/\/www.glpa-apgl.com\/fr\/wp-json\/wp\/v2\/pages"}],"about":[{"href":"https:\/\/www.glpa-apgl.com\/fr\/wp-json\/wp\/v2\/types\/page"}],"author":[{"embeddable":true,"href":"https:\/\/www.glpa-apgl.com\/fr\/wp-json\/wp\/v2\/users\/1"}],"replies":[{"embeddable":true,"href":"https:\/\/www.glpa-apgl.com\/fr\/wp-json\/wp\/v2\/comments?post=260"}],"version-history":[{"count":8,"href":"https:\/\/www.glpa-apgl.com\/fr\/wp-json\/wp\/v2\/pages\/260\/revisions"}],"predecessor-version":[{"id":5845,"href":"https:\/\/www.glpa-apgl.com\/fr\/wp-json\/wp\/v2\/pages\/260\/revisions\/5845"}],"up":[{"embeddable":true,"href":"https:\/\/www.glpa-apgl.com\/fr\/wp-json\/wp\/v2\/pages\/224"}],"wp:featuredmedia":[{"embeddable":true,"href":"https:\/\/www.glpa-apgl.com\/fr\/wp-json\/wp\/v2\/media\/2457"}],"wp:attachment":[{"href":"https:\/\/www.glpa-apgl.com\/fr\/wp-json\/wp\/v2\/media?parent=260"}],"curies":[{"name":"wp","href":"https:\/\/api.w.org\/{rel}","templated":true}]}}