{"id":5533,"date":"2025-01-06T14:34:54","date_gmt":"2025-01-06T19:34:54","guid":{"rendered":"https:\/\/www.glpa-apgl.com\/?page_id=5533"},"modified":"2025-12-23T12:24:08","modified_gmt":"2025-12-23T17:24:08","slug":"accessibility","status":"publish","type":"page","link":"https:\/\/www.glpa-apgl.com\/fr\/reports-and-documents\/accessibility\/","title":{"rendered":"Accessibilit\u00e9"},"content":{"rendered":"<figure class=\"wp-block-table is-style-stripes\"><table><thead><tr><th class=\"has-text-align-left\" data-align=\"left\">Document<\/th><th class=\"has-text-align-left\" data-align=\"left\">Format<\/th><th class=\"has-text-align-left\" data-align=\"left\">Taille<\/th><\/tr><\/thead><tbody><tr><td class=\"has-text-align-left\" data-align=\"left\"><a href=\"https:\/\/www.glpa-apgl.com\/wp-content\/uploads\/2025\/12\/APGL_Plan-sur-laccessibilite_2026_2028F-2.pdf\">Rapport d'\u00e9tape sur le Plan sur l'accessibilit\u00e9 de l'APGL 2026 - 2028<\/a><br><a href=\"https:\/\/www.glpa-apgl.com\/wp-content\/uploads\/2025\/12\/GLPA-2025-Progress-Report-finalFR-1.pdf\">Rapport d'\u00e9tape sur le Plan sur l'accessibilit\u00e9 de l'APGL d\u00e9cembre 2025<\/a><br><a href=\"https:\/\/www.glpa-apgl.com\/wp-content\/uploads\/2025\/01\/Rapport-detape-sur-le-Plan-sur-laccessibilite-de-lAPGL-decembre-2024.pdf\">Rapport d'\u00e9tape sur le Plan sur l'accessibilit\u00e9 de l'APGL d\u00e9cembre 2024<\/a><\/td><td class=\"has-text-align-left\" data-align=\"left\">PDF<br>PDF<br>PDF <i class=\"fa fa-file-pdf-o\"><\/i><\/td><td class=\"has-text-align-left\" data-align=\"left\">404 KB<br>218 KB<br>207 KB<\/td><\/tr><\/tbody><\/table><\/figure>\n\n\n\n<div style=\"height:30px\" aria-hidden=\"true\" class=\"wp-block-spacer\"><\/div>\n\n\n\n<p><strong>Note:<\/strong> Pour lire la version PDF, il vous faut avoir Adobe Acrobat Reader version 5.0 (ou sup\u00e9rieure) sur votre syst\u00e8me. Pour obtenir Acrobat Reader, allez \u00e0 : <a href=\"http:\/\/www.adobe.com\/products\/acrobat\/readermain.html\">http:\/\/www.adobe.com\/products\/acrobat\/readermain.html<\/a><\/p>\n\n\n\n<p>Si vous n\u2019avez pas acc\u00e8s au site de t\u00e9l\u00e9chargement d\u2019Adobe, vous pouvez t\u00e9l\u00e9charger le logiciel \u00e0 partir de la page suivante : <a href=\"http:\/\/www.adobe.com\/products\/acrobat\/alternate.html\">http:\/\/www.adobe.com\/products\/acrobat\/alternate.html<\/a><\/p>\n\n\n\n<p>Si vous choisissez de ne pas utiliser Acrobat Reader, vous pouvez convertir le dossier PDF \u00e0 du texte HTML ou ASCII en utilisant l\u2019un des services de conversion offerts par Adobe \u00e0 partir de la page suivante : <a href=\"http:\/\/access.adobe.com\/onlinetools.html\">http:\/\/access.adobe.com\/onlinetools.html<\/a><\/p>","protected":false},"excerpt":{"rendered":"<p>Document Format Size GLPA Accessibility Plan Progress Report 2026 \u2013 2028GLPA Accessibility Plan Progress Report December 2025GLPA Accessibility Plan Progress Report December 2024 PDFPDFPDF 404 KB218 KB207 KB<\/p>","protected":false},"author":1,"featured_media":0,"parent":17,"menu_order":0,"comment_status":"closed","ping_status":"closed","template":"","meta":{"_acf_changed":false,"_et_pb_use_builder":"","_et_pb_old_content":"","_et_gb_content_width":"","footnotes":""},"class_list":["post-5533","page","type-page","status-publish","hentry"],"acf":[],"_links":{"self":[{"href":"https:\/\/www.glpa-apgl.com\/fr\/wp-json\/wp\/v2\/pages\/5533","targetHints":{"allow":["GET"]}}],"collection":[{"href":"https:\/\/www.glpa-apgl.com\/fr\/wp-json\/wp\/v2\/pages"}],"about":[{"href":"https:\/\/www.glpa-apgl.com\/fr\/wp-json\/wp\/v2\/types\/page"}],"author":[{"embeddable":true,"href":"https:\/\/www.glpa-apgl.com\/fr\/wp-json\/wp\/v2\/users\/1"}],"replies":[{"embeddable":true,"href":"https:\/\/www.glpa-apgl.com\/fr\/wp-json\/wp\/v2\/comments?post=5533"}],"version-history":[{"count":7,"href":"https:\/\/www.glpa-apgl.com\/fr\/wp-json\/wp\/v2\/pages\/5533\/revisions"}],"predecessor-version":[{"id":5924,"href":"https:\/\/www.glpa-apgl.com\/fr\/wp-json\/wp\/v2\/pages\/5533\/revisions\/5924"}],"up":[{"embeddable":true,"href":"https:\/\/www.glpa-apgl.com\/fr\/wp-json\/wp\/v2\/pages\/17"}],"wp:attachment":[{"href":"https:\/\/www.glpa-apgl.com\/fr\/wp-json\/wp\/v2\/media?parent=5533"}],"curies":[{"name":"wp","href":"https:\/\/api.w.org\/{rel}","templated":true}]}}