{"id":5695,"date":"2025-05-29T15:14:36","date_gmt":"2025-05-29T19:14:36","guid":{"rendered":"https:\/\/www.glpa-apgl.com\/?page_id=5695"},"modified":"2025-05-29T15:28:45","modified_gmt":"2025-05-29T19:28:45","slug":"fighting-against-forced-child-labour","status":"publish","type":"page","link":"https:\/\/www.glpa-apgl.com\/fr\/reports-and-documents\/fighting-against-forced-child-labour\/","title":{"rendered":"Lutte contre le travail forc\u00e9 et le travail des enfants"},"content":{"rendered":"<p>La pr\u00e9sente d\u00e9claration est faite conform\u00e9ment au projet de loi S-211, Loi \u00e9dictant la Loi sur la lutte contre le travail forc\u00e9 et le travail des enfants dans les cha\u00eenes d\u2019approvisionnement et modifiant le Tarif des douanes.<\/p>\n\n\n\n<figure class=\"wp-block-table is-style-stripes\"><table><thead><tr><th class=\"has-text-align-left\" data-align=\"left\">Document<\/th><th class=\"has-text-align-left\" data-align=\"left\">Format<\/th><th class=\"has-text-align-left\" data-align=\"left\">Taille<\/th><\/tr><\/thead><tbody><tr><td class=\"has-text-align-left\" data-align=\"left\"><a href=\"https:\/\/www.glpa-apgl.com\/wp-content\/uploads\/2025\/05\/Rapport-annuel-2025-de-lAPGL-en-vertu-de-la-Loi-sur-la-lutte-contre-le-travail-force-et-le-travail-des-enfants-dans-les-chaines-dapprovisionnement.pdf\">Rapport annuel 2025 de l'APGL en vertu de la Loi sur la lutte contre le travail forc\u00e9 et le travail des enfants dans les chaines d'approvisionnement<\/a><\/td><td class=\"has-text-align-left\" data-align=\"left\">PDF <i class=\"fa fa-file-pdf-o\"><\/i><\/td><td class=\"has-text-align-left\" data-align=\"left\">386 KB<\/td><\/tr><\/tbody><\/table><\/figure>\n\n\n\n<div style=\"height:30px\" aria-hidden=\"true\" class=\"wp-block-spacer\"><\/div>\n\n\n\n<p><strong>Note:<\/strong> Pour lire la version PDF, il vous faut avoir Adobe Acrobat Reader version 5.0 (ou sup\u00e9rieure) sur votre syst\u00e8me. Pour obtenir Acrobat Reader, allez \u00e0 : <a href=\"http:\/\/www.adobe.com\/products\/acrobat\/readermain.html\">http:\/\/www.adobe.com\/products\/acrobat\/readermain.html<\/a><\/p>\n\n\n\n<p>Si vous n\u2019avez pas acc\u00e8s au site de t\u00e9l\u00e9chargement d\u2019Adobe, vous pouvez t\u00e9l\u00e9charger le logiciel \u00e0 partir de la page suivante : <a href=\"http:\/\/www.adobe.com\/products\/acrobat\/alternate.html\">http:\/\/www.adobe.com\/products\/acrobat\/alternate.html<\/a><\/p>\n\n\n\n<p>Si vous choisissez de ne pas utiliser Acrobat Reader, vous pouvez convertir le dossier PDF \u00e0 du texte HTML ou ASCII en utilisant l\u2019un des services de conversion offerts par Adobe \u00e0 partir de la page suivante : <a href=\"http:\/\/access.adobe.com\/onlinetools.html\">http:\/\/access.adobe.com\/onlinetools.html<\/a><\/p>","protected":false},"excerpt":{"rendered":"<p>This statement is made pursuant to Bill S-211, An Act to enact the Fighting Against Forced Labour and Child Labour in Supply Chains Act. Document Format Size 2025 Annual Report under the Fighting Against Forced Labour and Child Labour in Supply Chains Act PDF 386 KB<\/p>","protected":false},"author":1,"featured_media":0,"parent":17,"menu_order":0,"comment_status":"closed","ping_status":"closed","template":"","meta":{"_acf_changed":false,"_et_pb_use_builder":"","_et_pb_old_content":"","_et_gb_content_width":"","footnotes":""},"class_list":["post-5695","page","type-page","status-publish","hentry"],"acf":[],"_links":{"self":[{"href":"https:\/\/www.glpa-apgl.com\/fr\/wp-json\/wp\/v2\/pages\/5695","targetHints":{"allow":["GET"]}}],"collection":[{"href":"https:\/\/www.glpa-apgl.com\/fr\/wp-json\/wp\/v2\/pages"}],"about":[{"href":"https:\/\/www.glpa-apgl.com\/fr\/wp-json\/wp\/v2\/types\/page"}],"author":[{"embeddable":true,"href":"https:\/\/www.glpa-apgl.com\/fr\/wp-json\/wp\/v2\/users\/1"}],"replies":[{"embeddable":true,"href":"https:\/\/www.glpa-apgl.com\/fr\/wp-json\/wp\/v2\/comments?post=5695"}],"version-history":[{"count":3,"href":"https:\/\/www.glpa-apgl.com\/fr\/wp-json\/wp\/v2\/pages\/5695\/revisions"}],"predecessor-version":[{"id":5700,"href":"https:\/\/www.glpa-apgl.com\/fr\/wp-json\/wp\/v2\/pages\/5695\/revisions\/5700"}],"up":[{"embeddable":true,"href":"https:\/\/www.glpa-apgl.com\/fr\/wp-json\/wp\/v2\/pages\/17"}],"wp:attachment":[{"href":"https:\/\/www.glpa-apgl.com\/fr\/wp-json\/wp\/v2\/media?parent=5695"}],"curies":[{"name":"wp","href":"https:\/\/api.w.org\/{rel}","templated":true}]}}