{"id":654,"date":"2017-08-28T14:08:56","date_gmt":"2017-08-28T14:08:56","guid":{"rendered":"\/?page_id=654"},"modified":"2022-11-08T12:04:38","modified_gmt":"2022-11-08T17:04:38","slug":"employee-portal","status":"publish","type":"page","link":"https:\/\/www.glpa-apgl.com\/fr\/employee-portal\/","title":{"rendered":"Portail des employ\u00e9s"},"content":{"rendered":"<p>Cette section est pr\u00e9sentement en d\u00e9veloppement et sera mise \u00e0 jour avec de nouvelles informations d\u00e8s que possible. Veuillez consulter notre <a href=\"\/fr\/about\/contact\/\">page contact<\/a> pour les renseignements des personnes responsables concernant le contenu de cette section.<\/p>","protected":false},"excerpt":{"rendered":"<p>This section is currently under construction and will be updated with new information as soon as possible. Please consult our contact page for contact information of the responsible individuals regarding the content in this section.<\/p>","protected":false},"author":1,"featured_media":2502,"parent":0,"menu_order":0,"comment_status":"closed","ping_status":"closed","template":"","meta":{"_acf_changed":false,"_et_pb_use_builder":"","_et_pb_old_content":"","_et_gb_content_width":"","footnotes":""},"class_list":["post-654","page","type-page","status-publish","has-post-thumbnail","hentry"],"acf":[],"_links":{"self":[{"href":"https:\/\/www.glpa-apgl.com\/fr\/wp-json\/wp\/v2\/pages\/654","targetHints":{"allow":["GET"]}}],"collection":[{"href":"https:\/\/www.glpa-apgl.com\/fr\/wp-json\/wp\/v2\/pages"}],"about":[{"href":"https:\/\/www.glpa-apgl.com\/fr\/wp-json\/wp\/v2\/types\/page"}],"author":[{"embeddable":true,"href":"https:\/\/www.glpa-apgl.com\/fr\/wp-json\/wp\/v2\/users\/1"}],"replies":[{"embeddable":true,"href":"https:\/\/www.glpa-apgl.com\/fr\/wp-json\/wp\/v2\/comments?post=654"}],"version-history":[{"count":3,"href":"https:\/\/www.glpa-apgl.com\/fr\/wp-json\/wp\/v2\/pages\/654\/revisions"}],"predecessor-version":[{"id":3086,"href":"https:\/\/www.glpa-apgl.com\/fr\/wp-json\/wp\/v2\/pages\/654\/revisions\/3086"}],"wp:featuredmedia":[{"embeddable":true,"href":"https:\/\/www.glpa-apgl.com\/fr\/wp-json\/wp\/v2\/media\/2502"}],"wp:attachment":[{"href":"https:\/\/www.glpa-apgl.com\/fr\/wp-json\/wp\/v2\/media?parent=654"}],"curies":[{"name":"wp","href":"https:\/\/api.w.org\/{rel}","templated":true}]}}