{"id":71,"date":"2016-10-04T18:04:46","date_gmt":"2016-10-04T18:04:46","guid":{"rendered":"\/?page_id=71"},"modified":"2026-01-20T16:01:43","modified_gmt":"2026-01-20T21:01:43","slug":"board-of-directors","status":"publish","type":"page","link":"https:\/\/www.glpa-apgl.com\/fr\/about\/board-of-directors\/","title":{"rendered":"Conseil d\u2019administration"},"content":{"rendered":"<p>Vous trouverez ci-dessous notre Conseil d\u2019administration. Toute demande de renseignements de notre Conseil d\u2019administration ou de nos op\u00e9rations doivent \u00eatre adress\u00e9e \u00e0 notre \u00e9quipe de gestion.<\/p>\n\n\n\n<p><\/p>\n\n\n\n<div class=\"wp-block-group directors-container is-layout-flow wp-block-group-is-layout-flow\">\n<p><\/p>\n\n\n\n<h4 class=\"wp-block-heading\">Pr\u00e9sidente par int\u00e9rim du conseil d'administration<\/h4>\n\n\n\n<h3 class=\"wp-block-heading\">Mme J. Mills<\/h3>\n\n\n\n<p>Membre du comit\u00e9 d\u2019audit<\/p>\n\n\n\n<h4 class=\"wp-block-heading\">Membre<\/h4>\n\n\n\n<h3 class=\"wp-block-heading\">Mme V. Kaminker<\/h3>\n\n\n\n<p>Membre du comit\u00e9 d\u2019audit<\/p>\n\n\n\n<h4 class=\"wp-block-heading\">Membre<\/h4>\n\n\n\n<h3 class=\"wp-block-heading\">M. D. Souliere<\/h3>\n\n\n\n<p>Membre du Comit\u00e9 de gouvernance et des ressources humaines<\/p>\n\n\n\n<h4 class=\"wp-block-heading\">Membre<\/h4>\n\n\n\n<h3 class=\"wp-block-heading\">M. J. St. Marseille<\/h3>\n\n\n\n<p>Pr\u00e9sident du comit\u00e9 d'audit<\/p>\n\n\n\n<h4 class=\"wp-block-heading\">Membre<\/h4>\n\n\n\n<h3 class=\"wp-block-heading\">Mme O. Exell<\/h3>\n\n\n\n<p>Pr\u00e9sidente du Comit\u00e9 de gouvernance et des ressources humaines<\/p>\n\n\n\n<p><\/p>\n<\/div>","protected":false},"excerpt":{"rendered":"<p>Please find below our Board of Directors. All Board or operational related inquiries are to be directed to our management team. Acting Board of Directors Chair Ms. J. Mills Member of the Audit Committee Member Ms. V. Kaminker Member of the Audit Committee Member Mr. D. Souliere Member of the Governance and Human Resources Committee [&hellip;]<\/p>\n","protected":false},"author":1,"featured_media":2502,"parent":2193,"menu_order":4,"comment_status":"closed","ping_status":"closed","template":"","meta":{"_acf_changed":false,"_et_pb_use_builder":"","_et_pb_old_content":"","_et_gb_content_width":"","footnotes":""},"class_list":["post-71","page","type-page","status-publish","has-post-thumbnail","hentry"],"acf":[],"_links":{"self":[{"href":"https:\/\/www.glpa-apgl.com\/fr\/wp-json\/wp\/v2\/pages\/71","targetHints":{"allow":["GET"]}}],"collection":[{"href":"https:\/\/www.glpa-apgl.com\/fr\/wp-json\/wp\/v2\/pages"}],"about":[{"href":"https:\/\/www.glpa-apgl.com\/fr\/wp-json\/wp\/v2\/types\/page"}],"author":[{"embeddable":true,"href":"https:\/\/www.glpa-apgl.com\/fr\/wp-json\/wp\/v2\/users\/1"}],"replies":[{"embeddable":true,"href":"https:\/\/www.glpa-apgl.com\/fr\/wp-json\/wp\/v2\/comments?post=71"}],"version-history":[{"count":16,"href":"https:\/\/www.glpa-apgl.com\/fr\/wp-json\/wp\/v2\/pages\/71\/revisions"}],"predecessor-version":[{"id":5955,"href":"https:\/\/www.glpa-apgl.com\/fr\/wp-json\/wp\/v2\/pages\/71\/revisions\/5955"}],"up":[{"embeddable":true,"href":"https:\/\/www.glpa-apgl.com\/fr\/wp-json\/wp\/v2\/pages\/2193"}],"wp:featuredmedia":[{"embeddable":true,"href":"https:\/\/www.glpa-apgl.com\/fr\/wp-json\/wp\/v2\/media\/2502"}],"wp:attachment":[{"href":"https:\/\/www.glpa-apgl.com\/fr\/wp-json\/wp\/v2\/media?parent=71"}],"curies":[{"name":"wp","href":"https:\/\/api.w.org\/{rel}","templated":true}]}}