{"id":86,"date":"2016-12-20T20:27:54","date_gmt":"2016-12-20T20:27:54","guid":{"rendered":"\/?page_id=86"},"modified":"2022-11-08T12:09:16","modified_gmt":"2022-11-08T17:09:16","slug":"financial-reports","status":"publish","type":"page","link":"https:\/\/www.glpa-apgl.com\/fr\/reports-and-documents\/financial-reports\/","title":{"rendered":"Rapports financiers"},"content":{"rendered":"<p>Vous trouverez ci-dessous une liste de nos rapports financiers, y compris nos rapports annuels, nos rapports financiers trimestriels et notre rapport de sommaire corporatif. Pour consulter un rapport, il vous suffit de cliquer sur le titre correspondant, et une liste de rapports t\u00e9l\u00e9chargeables appara\u00eetra.<\/p>\n\n\n\n<p><\/p>\n\n\n\n<div class=\"wp-block-group report-container has-background is-layout-flow wp-block-group-is-layout-flow\" style=\"background-color:#f9f9f9\">\n<div class=\"wp-block-columns is-layout-flex wp-container-core-columns-is-layout-9d6595d7 wp-block-columns-is-layout-flex\">\n<div class=\"wp-block-column is-layout-flow wp-block-column-is-layout-flow\"><div class=\"wpgb-facet wpgb-loading wpgb-facet-2\" data-facet=\"2\" data-grid=\"1\">\t<h4 class=\"wpgb-facet-title\">Cat\u00e9gorie<\/h4>\n\t\t<fieldset>\n\t\t<legend class=\"wpgb-facet-title wpgb-sr-only\">Cat\u00e9gorie<\/legend>\n\t\t<div class=\"wpgb-select-facet\"><label><span class=\"wpgb-sr-only\">Cat\u00e9gorie<\/span><select class=\"wpgb-select\" name=\"filter_by_category\"><option value=\"\">Choisir une cat\u00e9gorie\u2026<\/option><option value=\"quarterly-financials\">Rapports financiers trimestriels<\/option><option value=\"corporate-plan-summaries\">Sommaires du plan d'entreprise<\/option><option value=\"annual-reports\">Rapports annuels<\/option><option value=\"financial-reports\">Rapports financiers<\/option><\/select><span class=\"wpgb-select-controls\"><span class=\"wpgb-select-separator\"><\/span><svg class=\"wpgb-select-toggle\" viewbox=\"0 0 24 24\" height=\"24\" width=\"24\" aria-hidden=\"true\" focusable=\"false\"><path d=\"m12 14.536-.045.043.045-.043-5.3-5.114 5.3 5.114 5.3-5.114-5.3 5.114.045.043Z\"><\/path><\/svg><\/span><\/label><\/div>\t<\/fieldset>\n\t<\/div><\/div>\n\n\n\n<div class=\"wp-block-column is-layout-flow wp-block-column-is-layout-flow\"><div class=\"wpgb-facet wpgb-loading wpgb-facet-1\" data-facet=\"1\" data-grid=\"1\">\t<h4 class=\"wpgb-facet-title\">Plage de dates<\/h4>\n\t\t<fieldset>\n\t\t<legend class=\"wpgb-facet-title wpgb-sr-only\">Plage de dates<\/legend>\n\t\t<div class=\"wpgb-range-facet\">\n\t\t\t\t<input type=\"range\" class=\"wpgb-range\" name=\"filter_by_date[]\" min=\"2011\" max=\"2026\" step=\"1\" value=\"2011\" hidden>\n\t\t\t\t<input type=\"range\" class=\"wpgb-range\" name=\"filter_by_date[]\" min=\"2011\" max=\"2026\" step=\"0.00001\" value=\"2026\" hidden>\n\t\t\t\t<div class=\"wpgb-range-facet-loader\"><div class=\"wpgb-range-slider\"><div class=\"wpgb-range-progress\"><\/div><div class=\"wpgb-range-thumbs\"><div class=\"wpgb-range-thumb\"><\/div><div class=\"wpgb-range-thumb\"><\/div><\/div><\/div><span class=\"wpgb-range-values\"><span><\/span><\/span><button type=\"button\" class=\"wpgb-range-clear\" disabled>Remettre<\/button><\/div>\n\t\t\t<\/div>\t<\/fieldset>\n\t<\/div><\/div>\n<\/div>\n\n\n\n<figure class=\"wp-block-table is-style-stripes file-list-header\"><table><thead><tr><th class=\"has-text-align-left\" data-align=\"left\">Date<\/th><th class=\"has-text-align-left\" data-align=\"left\">Document<\/th><th class=\"has-text-align-right\" data-align=\"right\">Taille<\/th><\/tr><\/thead><\/table><\/figure>\n\n\n<!-- Gridbuilder \u1d42\u1d3e Plugin (https:\/\/wpgridbuilder.com) -->\n<div class=\"wp-grid-builder wpgb-grid-1\" data-options=\"{&quot;id&quot;:1,&quot;type&quot;:&quot;masonry&quot;,&quot;source&quot;:&quot;post_type&quot;,&quot;loader&quot;:false,&quot;layout&quot;:&quot;vertical&quot;,&quot;reveal&quot;:0,&quot;isMainQuery&quot;:false,&quot;lazyLoad&quot;:false,&quot;cardSizes&quot;:{&quot;9999&quot;:{&quot;columns&quot;:1,&quot;height&quot;:240,&quot;gutter&quot;:0,&quot;ratio&quot;:&quot;1.33333&quot;},&quot;1200&quot;:{&quot;columns&quot;:1,&quot;height&quot;:240,&quot;gutter&quot;:0,&quot;ratio&quot;:&quot;1.33333&quot;},&quot;992&quot;:{&quot;columns&quot;:1,&quot;height&quot;:220,&quot;gutter&quot;:0,&quot;ratio&quot;:&quot;1.33333&quot;},&quot;768&quot;:{&quot;columns&quot;:1,&quot;height&quot;:220,&quot;gutter&quot;:0,&quot;ratio&quot;:&quot;1.33333&quot;},&quot;576&quot;:{&quot;columns&quot;:1,&quot;height&quot;:200,&quot;gutter&quot;:0,&quot;ratio&quot;:&quot;1.33333&quot;},&quot;320&quot;:{&quot;columns&quot;:1,&quot;height&quot;:200,&quot;gutter&quot;:0,&quot;ratio&quot;:&quot;1.33333&quot;}},&quot;fitRows&quot;:false,&quot;equalRows&quot;:0,&quot;equalColumns&quot;:false,&quot;fillLastRow&quot;:0,&quot;centerLastRow&quot;:0,&quot;horizontalOrder&quot;:false,&quot;fullWidth&quot;:false,&quot;transitionDelay&quot;:100,&quot;gallerySlideshow&quot;:0,&quot;rowsNumber&quot;:1,&quot;slideAlign&quot;:&quot;left&quot;,&quot;groupCells&quot;:1,&quot;draggable&quot;:true,&quot;initialIndex&quot;:0,&quot;contain&quot;:false,&quot;freeScroll&quot;:false,&quot;freeFriction&quot;:&quot;0.075&quot;,&quot;friction&quot;:&quot;0.285&quot;,&quot;attraction&quot;:&quot;0.025&quot;,&quot;autoPlay&quot;:0,&quot;pageDotAriaLabel&quot;:&quot;Page dot %d&quot;,&quot;isPreview&quot;:false,&quot;isGutenberg&quot;:false,&quot;rightToLeft&quot;:false}\"><div class=\"wpgb-svg-icons\" hidden>\n\t<svg viewbox=\"0 0 120 24\" width=\"0\" height=\"0\">\n\t<defs>\n        <polygon id=\"wpgb-star-svg\" points=\"12 2.5 15.1 8.8 22 9.8 17 14.6 18.2 21.5 12 18.3 5.8 21.5 7 14.6 2 9.8 8.9 8.8\"><\/polygon>\n    <\/defs>\n    <symbol id=\"wpgb-rating-stars-svg\">\n        <use xlink:href=\"#wpgb-star-svg\"><\/use>\n        <use xlink:href=\"#wpgb-star-svg\" x=\"24\"><\/use>\n        <use xlink:href=\"#wpgb-star-svg\" x=\"48\"><\/use>\n        <use xlink:href=\"#wpgb-star-svg\" x=\"72\"><\/use>\n        <use xlink:href=\"#wpgb-star-svg\" x=\"96\"><\/use>\n    <\/symbol>\n<\/svg>\n<\/div>\n<div class=\"wpgb-wrapper\">\n\t<div class=\"wpgb-main\">\n\t<div class=\"wpgb-layout\">\n\t<div class=\"wpgb-viewport\">\n\t\t<div class=\"wpgb-masonry\">\n\t\t\t<article class=\"wpgb-card wpgb-card-1 wpgb-post-5998\" data-col=\"1\" data-row=\"1\" data-format=\"standard\"><div class=\"wpgb-card-wrapper\"><div class=\"wpgb-card-inner\"><div class=\"wpgb-card-content wpgb-scheme-dark\"><div class=\"wpgb-card-body\"><time class=\"wpgb-block-1 wpgb-idle-scheme-1\" datetime=\"2026-03-19T15:47:25+00:00\">2026\/03\/19<\/time><div class=\"wpgb-block-4 wpgb-idle-accent-1\"><a href=\"https:\/\/www.glpa-apgl.com\/wp-content\/uploads\/2026\/03\/Sommaire-du-plan-dentreprise-2026-2030-de-lAPGL-1.pdf\" target=\"_blank\">Sommaire du plan d'entreprise 2026 \u00e0 2030<\/a><\/div><div class=\"wpgb-block-3\">2,71 Mo<\/div><\/div><\/div><\/div><\/div><\/article><article class=\"wpgb-card wpgb-card-1 wpgb-post-5881\" data-col=\"1\" data-row=\"1\" data-format=\"standard\"><div class=\"wpgb-card-wrapper\"><div class=\"wpgb-card-inner\"><div class=\"wpgb-card-content wpgb-scheme-dark\"><div class=\"wpgb-card-body\"><time class=\"wpgb-block-1 wpgb-idle-scheme-1\" datetime=\"2025-11-28T15:04:06+00:00\">2025\/11\/28<\/time><div class=\"wpgb-block-4 wpgb-idle-accent-1\"><a href=\"https:\/\/www.glpa-apgl.com\/wp-content\/uploads\/2025\/11\/Rapport-financier-du-troisieme-trimestre-de-2025-30-septembre.pdf\" target=\"_blank\">Rapport Financier Trimestriel 2025-11-30<\/a><\/div><div class=\"wpgb-block-3\">701,12 Ko<\/div><\/div><\/div><\/div><\/div><\/article><article class=\"wpgb-card wpgb-card-1 wpgb-post-5831\" data-col=\"1\" data-row=\"1\" data-format=\"standard\"><div class=\"wpgb-card-wrapper\"><div class=\"wpgb-card-inner\"><div class=\"wpgb-card-content wpgb-scheme-dark\"><div class=\"wpgb-card-body\"><time class=\"wpgb-block-1 wpgb-idle-scheme-1\" datetime=\"2025-09-29T15:40:11+00:00\">2025\/09\/29<\/time><div class=\"wpgb-block-4 wpgb-idle-accent-1\"><a href=\"https:\/\/www.glpa-apgl.com\/wp-content\/uploads\/2025\/09\/APGL_Plan-dentreprise-2025-2029-de-lAPGL-Finale-1.pdf\" target=\"_blank\">Sommaire du plan d'entreprise 2025 \u00e0 2029<\/a><\/div><div class=\"wpgb-block-3\">2,22 Mo<\/div><\/div><\/div><\/div><\/div><\/article><article class=\"wpgb-card wpgb-card-1 wpgb-post-5806\" data-col=\"1\" data-row=\"1\" data-format=\"standard\"><div class=\"wpgb-card-wrapper\"><div class=\"wpgb-card-inner\"><div class=\"wpgb-card-content wpgb-scheme-dark\"><div class=\"wpgb-card-body\"><time class=\"wpgb-block-1 wpgb-idle-scheme-1\" datetime=\"2025-08-28T18:33:05+00:00\">2025\/08\/28<\/time><div class=\"wpgb-block-4 wpgb-idle-accent-1\"><a href=\"https:\/\/www.glpa-apgl.com\/wp-content\/uploads\/2025\/08\/Rapport-financier-du-deuxieme-trimestre-de-2025-30-juin-FR-1.pdf\" target=\"_blank\">Rapport Financier Trimestriel 2025-06-30<\/a><\/div><div class=\"wpgb-block-3\">464,37 Ko<\/div><\/div><\/div><\/div><\/div><\/article><article class=\"wpgb-card wpgb-card-1 wpgb-post-5690\" data-col=\"1\" data-row=\"1\" data-format=\"standard\"><div class=\"wpgb-card-wrapper\"><div class=\"wpgb-card-inner\"><div class=\"wpgb-card-content wpgb-scheme-dark\"><div class=\"wpgb-card-body\"><time class=\"wpgb-block-1 wpgb-idle-scheme-1\" datetime=\"2025-05-29T09:17:01+00:00\">2025\/05\/29<\/time><div class=\"wpgb-block-4 wpgb-idle-accent-1\"><a href=\"https:\/\/www.glpa-apgl.com\/wp-content\/uploads\/2025\/05\/Rapport-financier-trimestriel-2025-05-31.pdf\" target=\"_blank\">Rapport financier trimestriel 2025-03-31<\/a><\/div><div class=\"wpgb-block-3\">603,58 Ko<\/div><\/div><\/div><\/div><\/div><\/article><article class=\"wpgb-card wpgb-card-1 wpgb-post-5608\" data-col=\"1\" data-row=\"1\" data-format=\"standard\"><div class=\"wpgb-card-wrapper\"><div class=\"wpgb-card-inner\"><div class=\"wpgb-card-content wpgb-scheme-dark\"><div class=\"wpgb-card-body\"><time class=\"wpgb-block-1 wpgb-idle-scheme-1\" datetime=\"2025-03-31T16:07:36+00:00\">2025\/03\/31<\/time><div class=\"wpgb-block-4 wpgb-idle-accent-1\"><a href=\"https:\/\/www.glpa-apgl.com\/wp-content\/uploads\/2025\/04\/APGL-rapport-Annuel-2024.pdf\" target=\"_blank\">APGL Rapport Annuel 2024<\/a><\/div><div class=\"wpgb-block-3\">11,74 Mo<\/div><\/div><\/div><\/div><\/div><\/article><article class=\"wpgb-card wpgb-card-1 wpgb-post-5498\" data-col=\"1\" data-row=\"1\" data-format=\"standard\"><div class=\"wpgb-card-wrapper\"><div class=\"wpgb-card-inner\"><div class=\"wpgb-card-content wpgb-scheme-dark\"><div class=\"wpgb-card-body\"><time class=\"wpgb-block-1 wpgb-idle-scheme-1\" datetime=\"2024-11-28T09:00:17+00:00\">2024\/11\/28<\/time><div class=\"wpgb-block-4 wpgb-idle-accent-1\"><a href=\"https:\/\/www.glpa-apgl.com\/wp-content\/uploads\/2024\/11\/Rapport-financier-trimestriel-du-2024-09-30.pdf\" target=\"_blank\">Rapport financier trimestriel du 2024-09-30<\/a><\/div><div class=\"wpgb-block-3\">520,95 Ko<\/div><\/div><\/div><\/div><\/div><\/article><article class=\"wpgb-card wpgb-card-1 wpgb-post-5475\" data-col=\"1\" data-row=\"1\" data-format=\"standard\"><div class=\"wpgb-card-wrapper\"><div class=\"wpgb-card-inner\"><div class=\"wpgb-card-content wpgb-scheme-dark\"><div class=\"wpgb-card-body\"><time class=\"wpgb-block-1 wpgb-idle-scheme-1\" datetime=\"2024-10-28T09:03:45+00:00\">2024\/10\/28<\/time><div class=\"wpgb-block-4 wpgb-idle-accent-1\"><a href=\"https:\/\/www.glpa-apgl.com\/wp-content\/uploads\/2024\/10\/Sommaire-du-plan-dentreprise-2024-a-2028.pdf\" target=\"_blank\">Sommaire du plan d'entreprise 2024 \u00e0 2028<\/a><\/div><div class=\"wpgb-block-3\">2,41 Mo<\/div><\/div><\/div><\/div><\/div><\/article><article class=\"wpgb-card wpgb-card-1 wpgb-post-5439\" data-col=\"1\" data-row=\"1\" data-format=\"standard\"><div class=\"wpgb-card-wrapper\"><div class=\"wpgb-card-inner\"><div class=\"wpgb-card-content wpgb-scheme-dark\"><div class=\"wpgb-card-body\"><time class=\"wpgb-block-1 wpgb-idle-scheme-1\" datetime=\"2024-08-31T09:00:26+00:00\">2024\/08\/31<\/time><div class=\"wpgb-block-4 wpgb-idle-accent-1\"><a href=\"https:\/\/www.glpa-apgl.com\/wp-content\/uploads\/2024\/09\/Rapport-financier-trimestriel-2024-06-30.pdf\" target=\"_blank\">Rapport financier trimestriel 2024-06-30<\/a><\/div><div class=\"wpgb-block-3\">1,99 Mo<\/div><\/div><\/div><\/div><\/div><\/article><article class=\"wpgb-card wpgb-card-1 wpgb-post-5384\" data-col=\"1\" data-row=\"1\" data-format=\"standard\"><div class=\"wpgb-card-wrapper\"><div class=\"wpgb-card-inner\"><div class=\"wpgb-card-content wpgb-scheme-dark\"><div class=\"wpgb-card-body\"><time class=\"wpgb-block-1 wpgb-idle-scheme-1\" datetime=\"2024-05-30T09:02:34+00:00\">2024\/05\/30<\/time><div class=\"wpgb-block-4 wpgb-idle-accent-1\"><a href=\"https:\/\/www.glpa-apgl.com\/wp-content\/uploads\/2024\/05\/Rapport-financier-trimestriel-2024-03-31.pdf\" target=\"_blank\">Rapport financier trimestriel 2024\/03\/31<\/a><\/div><div class=\"wpgb-block-3\">1,45 Mo<\/div><\/div><\/div><\/div><\/div><\/article><article class=\"wpgb-card wpgb-card-1 wpgb-post-5266\" data-col=\"1\" data-row=\"1\" data-format=\"standard\"><div class=\"wpgb-card-wrapper\"><div class=\"wpgb-card-inner\"><div class=\"wpgb-card-content wpgb-scheme-dark\"><div class=\"wpgb-card-body\"><time class=\"wpgb-block-1 wpgb-idle-scheme-1\" datetime=\"2024-03-29T06:08:10+00:00\">2024\/03\/29<\/time><div class=\"wpgb-block-4 wpgb-idle-accent-1\"><a href=\"https:\/\/www.glpa-apgl.com\/wp-content\/uploads\/2024\/04\/APGL-Rapport-Annuel-2023.pdf\" target=\"_blank\">APGL rapport Annuel 2023<\/a><\/div><div class=\"wpgb-block-3\">7,40 Mo<\/div><\/div><\/div><\/div><\/div><\/article><article class=\"wpgb-card wpgb-card-1 wpgb-post-5213\" data-col=\"1\" data-row=\"1\" data-format=\"standard\"><div class=\"wpgb-card-wrapper\"><div class=\"wpgb-card-inner\"><div class=\"wpgb-card-content wpgb-scheme-dark\"><div class=\"wpgb-card-body\"><time class=\"wpgb-block-1 wpgb-idle-scheme-1\" datetime=\"2023-11-30T09:14:34+00:00\">2023\/11\/30<\/time><div class=\"wpgb-block-4 wpgb-idle-accent-1\"><a href=\"https:\/\/www.glpa-apgl.com\/wp-content\/uploads\/2023\/11\/Rapport-financier-trimestriel-du-30-septembre-2023.pdf\" target=\"_blank\">Rapport financier trimestriel 2023\/09\/30<\/a><\/div><div class=\"wpgb-block-3\">785,08 Ko<\/div><\/div><\/div><\/div><\/div><\/article>\t\t<\/div>\n\t<\/div>\n\t<\/div>\n<div class=\"wpgb-area wpgb-area-bottom-1\">\n\t<div class=\"wpgb-facet wpgb-loading wpgb-facet-3\" data-facet=\"3\" data-grid=\"1\"><nav class=\"wpgb-pagination-facet\" aria-label=\"Page navigation\"><ul class=\"wpgb-pagination\"><li class=\"wpgb-page\"><a href=\"https:\/\/www.glpa-apgl.com\/fr\/reports-and-documents\/financial-reports\/?_pagination=1\" aria-current=\"true\" aria-label=\"Current Page, Page 1\" data-page=\"1\">1<\/a><\/li><li class=\"wpgb-page\"><a href=\"https:\/\/www.glpa-apgl.com\/fr\/reports-and-documents\/financial-reports\/?_pagination=2\" aria-label=\"Go to Page 2\" data-page=\"2\">2<\/a><\/li><li class=\"wpgb-page\"><a href=\"https:\/\/www.glpa-apgl.com\/fr\/reports-and-documents\/financial-reports\/?_pagination=3\" aria-label=\"Go to Page 3\" data-page=\"3\">3<\/a><\/li><li class=\"wpgb-page\"><span class=\"wpgb-dots-page\">\u2026<\/span><\/li><li class=\"wpgb-page\"><a href=\"https:\/\/www.glpa-apgl.com\/fr\/reports-and-documents\/financial-reports\/?_pagination=5\" aria-label=\"Go to Page 5\" data-page=\"5\">5<\/a><\/li><li class=\"wpgb-page\"><a href=\"https:\/\/www.glpa-apgl.com\/fr\/reports-and-documents\/financial-reports\/?_pagination=6\" aria-label=\"Go to Page 6\" data-page=\"6\">6<\/a><\/li><li class=\"wpgb-page wpgb-page-next\"><a href=\"https:\/\/www.glpa-apgl.com\/fr\/reports-and-documents\/financial-reports\/?_pagination=2\" aria-label=\"Go to Page 2\" data-page=\"2\">Suivante \u00bb<\/a><\/li><\/ul><\/nav><\/div><\/div>\n\t<\/div>\n\t\t<\/div>\n<\/div>\n<\/div>\n\n\n\n<div style=\"height:30px\" aria-hidden=\"true\" class=\"wp-block-spacer\"><\/div>\n\n\n\n<p><strong>Note:<\/strong> Pour lire la version PDF, il vous faut avoir Adobe Acrobat Reader version 5.0 (ou sup\u00e9rieure) sur votre syst\u00e8me. Pour obtenir Acrobat Reader, allez \u00e0 : <a href=\"http:\/\/www.adobe.com\/products\/acrobat\/readermain.html\">http:\/\/www.adobe.com\/products\/acrobat\/readermain.html<\/a><\/p>\n\n\n\n<p>Si vous n\u2019avez pas acc\u00e8s au site de t\u00e9l\u00e9chargement d\u2019Adobe, vous pouvez t\u00e9l\u00e9charger le logiciel \u00e0 partir de la page suivante : <a href=\"http:\/\/www.adobe.com\/products\/acrobat\/alternate.html\">http:\/\/www.adobe.com\/products\/acrobat\/alternate.html<\/a><\/p>\n\n\n\n<p>Si vous choisissez de ne pas utiliser Acrobat Reader, vous pouvez convertir le dossier PDF \u00e0 du texte HTML ou ASCII en utilisant l\u2019un des services de conversion offerts par Adobe \u00e0 partir de la page suivante : <a href=\"http:\/\/access.adobe.com\/onlinetools.html\">http:\/\/access.adobe.com\/onlinetools.html<\/a><\/p>","protected":false},"excerpt":{"rendered":"<p>Vous trouverez ci-dessous une liste de nos rapports financiers, y compris nos rapports annuels, nos rapports financiers trimestriels et notre rapport de sommaire corporatif. Pour consulter un rapport, il vous suffit de cliquer sur le titre correspondant, et une liste de rapports t\u00e9l\u00e9chargeables appara\u00eetra.<\/p>","protected":false},"author":1,"featured_media":2467,"parent":17,"menu_order":1,"comment_status":"closed","ping_status":"closed","template":"","meta":{"_acf_changed":false,"_et_pb_use_builder":"","_et_pb_old_content":"","_et_gb_content_width":"","footnotes":""},"class_list":["post-86","page","type-page","status-publish","has-post-thumbnail","hentry"],"acf":[],"_links":{"self":[{"href":"https:\/\/www.glpa-apgl.com\/fr\/wp-json\/wp\/v2\/pages\/86","targetHints":{"allow":["GET"]}}],"collection":[{"href":"https:\/\/www.glpa-apgl.com\/fr\/wp-json\/wp\/v2\/pages"}],"about":[{"href":"https:\/\/www.glpa-apgl.com\/fr\/wp-json\/wp\/v2\/types\/page"}],"author":[{"embeddable":true,"href":"https:\/\/www.glpa-apgl.com\/fr\/wp-json\/wp\/v2\/users\/1"}],"replies":[{"embeddable":true,"href":"https:\/\/www.glpa-apgl.com\/fr\/wp-json\/wp\/v2\/comments?post=86"}],"version-history":[{"count":20,"href":"https:\/\/www.glpa-apgl.com\/fr\/wp-json\/wp\/v2\/pages\/86\/revisions"}],"predecessor-version":[{"id":5733,"href":"https:\/\/www.glpa-apgl.com\/fr\/wp-json\/wp\/v2\/pages\/86\/revisions\/5733"}],"up":[{"embeddable":true,"href":"https:\/\/www.glpa-apgl.com\/fr\/wp-json\/wp\/v2\/pages\/17"}],"wp:featuredmedia":[{"embeddable":true,"href":"https:\/\/www.glpa-apgl.com\/fr\/wp-json\/wp\/v2\/media\/2467"}],"wp:attachment":[{"href":"https:\/\/www.glpa-apgl.com\/fr\/wp-json\/wp\/v2\/media?parent=86"}],"curies":[{"name":"wp","href":"https:\/\/api.w.org\/{rel}","templated":true}]}}